












{"id":33,"date":"2021-08-02T15:17:01","date_gmt":"2021-08-02T13:17:01","guid":{"rendered":"https:\/\/kfz-biermair-at.kds1.rundrweb.com\/wp\/shop\/"},"modified":"2023-03-09T16:01:36","modified_gmt":"2023-03-09T15:01:36","slug":"ersatzteilhandel","status":"publish","type":"page","link":"https:\/\/www.kfz-biermair.at\/?page_id=33","title":{"rendered":"Ersatzteilhandel"},"content":{"rendered":"<div><ss3-force-full-width data-overflow-x=\"body\" data-horizontal-selector=\"#content\"><div class=\"n2-section-smartslider fitvidsignore \" data-ssid=\"10\" tabindex=\"0\" role=\"region\" aria-label=\"Slider\"><div id=\"n2-ss-10-align\" class=\"n2-ss-align\"><div class=\"n2-padding\"><div id=\"n2-ss-10\" data-creator=\"Smart Slider 3\" data-responsive=\"fullwidth\" class=\"n2-ss-slider n2-ow n2-has-hover n2notransition  n2-ss-feature-post-bg-loader\">\n        <div class=\"n2-ss-slider-1 n2_ss__touch_element n2-ow\">\n            <div class=\"n2-ss-slider-2 n2-ow\">\n                                                <div class=\"n2-ss-slider-3 n2-ow\">\n\n                    <div class=\"n2-ss-slide-backgrounds n2-ow-all\"><div class=\"n2-ss-slide-background\" data-public-id=\"1\" data-mode=\"fill\"><div class=\"n2-ss-slide-background-image\" data-blur=\"0\" data-opacity=\"80\" data-x=\"51\" data-y=\"49\" data-alt=\"KFZ Gerhard Biermair\" data-title=\"\" style=\"opacity:0.8;--ss-o-pos-x:51%;--ss-o-pos-y:49%\"><picture class=\"skip-lazy\" data-skip-lazy=\"1\"><img decoding=\"async\" src=\"\/\/www.kfz-biermair.at\/wp\/wp-content\/uploads\/KFZ-Gerhard-Biermair-aus-St.-Willibald-in-Oberoesterreich83.jpg\" alt=\"KFZ Gerhard Biermair\" title=\"\" loading=\"lazy\" class=\"skip-lazy\" data-skip-lazy=\"1\"\/><\/picture><\/div><div data-color=\"RGBA(0,0,0,1)\" style=\"background-color: RGBA(0,0,0,1);\" class=\"n2-ss-slide-background-color\"><\/div><\/div><\/div>                    <div class=\"n2-ss-slider-4 n2-ow\">\n                        <svg xmlns=\"http:\/\/www.w3.org\/2000\/svg\" viewBox=\"0 0 1920 400\" data-related-device=\"desktopPortrait\" class=\"n2-ow n2-ss-preserve-size n2-ss-preserve-size--slider n2-ss-slide-limiter\"><\/svg><div data-first=\"1\" data-slide-duration=\"0\" data-id=\"12\" data-slide-public-id=\"1\" data-title=\"KFZ Gerhard Biermair\" class=\"n2-ss-slide n2-ow  n2-ss-slide-12\"><div role=\"note\" class=\"n2-ss-slide--focus\" tabindex=\"-1\">KFZ Gerhard Biermair<\/div><div class=\"n2-ss-layers-container n2-ss-slide-limiter n2-ow\"><div class=\"n2-ss-layer n2-ow n-uc-vKN9m1E3u2od\" data-sstype=\"slide\" data-pm=\"default\"><div class=\"n2-ss-layer n2-ow n-uc-wEg6YlzAaXyt\" data-pm=\"default\" data-sstype=\"content\" data-hasbackground=\"0\"><div class=\"n2-ss-section-main-content n2-ss-layer-with-background n2-ss-layer-content n2-ow n-uc-wEg6YlzAaXyt-inner\"><div class=\"n2-ss-layer n2-ow n2-ss-layer--block n2-ss-has-self-align n2-ss-stretch-layer n-uc-oV0sjd9Wn4Km\" data-pm=\"normal\" data-sstype=\"row\"><div class=\"n2-ss-layer-row n2-ss-layer-with-background n-uc-oV0sjd9Wn4Km-inner\"><div class=\"n2-ss-layer-row-inner \"><div class=\"n2-ss-layer n2-ow n-uc-vthQWV8B6sZ8\" data-pm=\"default\" data-sstype=\"col\"><div class=\"n2-ss-layer-col n2-ss-layer-with-background n2-ss-layer-content n-uc-vthQWV8B6sZ8-inner\"><div class=\"n2-ss-layer n2-ow n-uc-KPya1I1xd3YP\" data-pm=\"normal\" data-animv2=\"{&quot;basic&quot;:{&quot;in&quot;:{&quot;type&quot;:&quot;basic&quot;,&quot;name&quot;:&quot;Rechts ausblenden&quot;,&quot;keyFrames&quot;:[{&quot;opacity&quot;:0,&quot;x&quot;:-400}]}}}\" data-sstype=\"layer\"><h1 id=\"n2-ss-10item1\" class=\"n2-font-9bfcda8156ed6e02ef88b90813d37688-hover   n2-ss-item-content n2-ss-text n2-ow\" style=\"display:block;\">Ersatzteilhandel<\/h1><\/div><\/div><\/div><\/div><\/div><\/div><\/div><\/div><\/div><\/div><\/div>                    <\/div>\n\n                                    <\/div>\n            <\/div>\n        <\/div>\n        <\/div><ss3-loader><\/ss3-loader><\/div><\/div><div class=\"n2_clear\"><\/div><\/div><\/ss3-force-full-width><\/div>\n\n\n<div class='conblock con-default  clearfix' style=''><div class='conblock-inner'>\n<h2>Wir sind Ihr Partner f\u00fcr KFZ-Ersatzteile<\/h2>\n<p>Ben\u00f6tigen Sie ein Ersatzteil f\u00fcr Ihr Auto? Dann sind Sie bei uns an der richtigen Stelle, denn wir haben in unserer KFZ-Werkstatt Ersatzteile f\u00fcr alle Automarken st\u00e4ndig lagernd. Bei uns erhalten Sie sowohl Gebrauchte- als auch Originalteile.<\/p>\n<p><strong>Die angef\u00fchrten Preise und Produkte gelten nur f\u00fcr \u00d6sterreich und Deutschland.<\/strong><\/p>\n<h3>St\u00f6bern Sie einfach in unserem Ersatzteilshop und senden Sie uns eine unverbindliche Anfrage.<\/h3>\n<\/div> <\/div>\n<\/p>","protected":false},"excerpt":{"rendered":"","protected":false},"author":1,"featured_media":0,"parent":0,"menu_order":3,"comment_status":"closed","ping_status":"closed","template":"","meta":{"footnotes":""},"class_list":["post-33","page","type-page","status-publish","hentry"],"_links":{"self":[{"href":"https:\/\/www.kfz-biermair.at\/index.php?rest_route=\/wp\/v2\/pages\/33","targetHints":{"allow":["GET"]}}],"collection":[{"href":"https:\/\/www.kfz-biermair.at\/index.php?rest_route=\/wp\/v2\/pages"}],"about":[{"href":"https:\/\/www.kfz-biermair.at\/index.php?rest_route=\/wp\/v2\/types\/page"}],"author":[{"embeddable":true,"href":"https:\/\/www.kfz-biermair.at\/index.php?rest_route=\/wp\/v2\/users\/1"}],"replies":[{"embeddable":true,"href":"https:\/\/www.kfz-biermair.at\/index.php?rest_route=%2Fwp%2Fv2%2Fcomments&post=33"}],"version-history":[{"count":6,"href":"https:\/\/www.kfz-biermair.at\/index.php?rest_route=\/wp\/v2\/pages\/33\/revisions"}],"predecessor-version":[{"id":24553,"href":"https:\/\/www.kfz-biermair.at\/index.php?rest_route=\/wp\/v2\/pages\/33\/revisions\/24553"}],"wp:attachment":[{"href":"https:\/\/www.kfz-biermair.at\/index.php?rest_route=%2Fwp%2Fv2%2Fmedia&parent=33"}],"curies":[{"name":"wp","href":"https:\/\/api.w.org\/{rel}","templated":true}]}}