












{"id":10147,"date":"2023-12-07T15:34:23","date_gmt":"2023-12-07T14:34:23","guid":{"rendered":"https:\/\/www.kfz-biermair.at\/?post_type=product&#038;p=10147"},"modified":"2023-12-07T15:34:23","modified_gmt":"2023-12-07T14:34:23","slug":"stossstange-vorne-vw-golf-iii-2","status":"publish","type":"product","link":"https:\/\/www.kfz-biermair.at\/?product=stossstange-vorne-vw-golf-iii-2","title":{"rendered":"Sto\u00dfstange vorne &#8211; VW Golf III"},"content":{"rendered":"","protected":false},"excerpt":{"rendered":"<p>Sto\u00dfstange vorne f\u00fcr VW Golf III<br \/>\n1H6 807 217<br \/>\n1H6 805 904<br \/>\n1H6 805 903<br \/>\nZustand laut Bilder<br \/>\nGebrauchtteil<\/p>\n","protected":false},"featured_media":10148,"template":"","meta":[],"product_brand":[],"product_cat":[41],"product_tag":[],"class_list":{"0":"post-10147","1":"product","2":"type-product","3":"status-publish","4":"has-post-thumbnail","6":"product_cat-golf-iii","8":"first","9":"instock","10":"taxable","11":"shipping-taxable","12":"purchasable","13":"product-type-simple"},"_links":{"self":[{"href":"https:\/\/www.kfz-biermair.at\/index.php?rest_route=\/wp\/v2\/product\/10147","targetHints":{"allow":["GET"]}}],"collection":[{"href":"https:\/\/www.kfz-biermair.at\/index.php?rest_route=\/wp\/v2\/product"}],"about":[{"href":"https:\/\/www.kfz-biermair.at\/index.php?rest_route=\/wp\/v2\/types\/product"}],"wp:featuredmedia":[{"embeddable":true,"href":"https:\/\/www.kfz-biermair.at\/index.php?rest_route=\/wp\/v2\/media\/10148"}],"wp:attachment":[{"href":"https:\/\/www.kfz-biermair.at\/index.php?rest_route=%2Fwp%2Fv2%2Fmedia&parent=10147"}],"wp:term":[{"taxonomy":"product_brand","embeddable":true,"href":"https:\/\/www.kfz-biermair.at\/index.php?rest_route=%2Fwp%2Fv2%2Fproduct_brand&post=10147"},{"taxonomy":"product_cat","embeddable":true,"href":"https:\/\/www.kfz-biermair.at\/index.php?rest_route=%2Fwp%2Fv2%2Fproduct_cat&post=10147"},{"taxonomy":"product_tag","embeddable":true,"href":"https:\/\/www.kfz-biermair.at\/index.php?rest_route=%2Fwp%2Fv2%2Fproduct_tag&post=10147"}],"curies":[{"name":"wp","href":"https:\/\/api.w.org\/{rel}","templated":true}]}}