












{"id":1057,"date":"2021-10-11T14:46:01","date_gmt":"2021-10-11T12:46:01","guid":{"rendered":"https:\/\/www.kfz-biermair.at\/?post_type=product&#038;p=1057"},"modified":"2021-10-11T14:48:18","modified_gmt":"2021-10-11T12:48:18","slug":"ruecklicht-links-renault-kangoo-1999","status":"publish","type":"product","link":"https:\/\/www.kfz-biermair.at\/?product=ruecklicht-links-renault-kangoo-1999","title":{"rendered":"R\u00fccklicht links- Renault Kangoo 1999"},"content":{"rendered":"","protected":false},"excerpt":{"rendered":"<p>R\u00fccklicht links f\u00fcr Renault Kangoo, Baujahr 199<\/p>\n<p>Originalteilenummer Valeo 2277<\/p>\n<p>Gebrauchtteil !!<\/p>\n<p>&nbsp;<\/p>\n","protected":false},"featured_media":1058,"template":"","meta":[],"product_brand":[],"product_cat":[76],"product_tag":[],"class_list":{"0":"post-1057","1":"product","2":"type-product","3":"status-publish","4":"has-post-thumbnail","6":"product_cat-sonstige-renault","8":"first","9":"instock","10":"taxable","11":"shipping-taxable","12":"purchasable","13":"product-type-simple"},"_links":{"self":[{"href":"https:\/\/www.kfz-biermair.at\/index.php?rest_route=\/wp\/v2\/product\/1057","targetHints":{"allow":["GET"]}}],"collection":[{"href":"https:\/\/www.kfz-biermair.at\/index.php?rest_route=\/wp\/v2\/product"}],"about":[{"href":"https:\/\/www.kfz-biermair.at\/index.php?rest_route=\/wp\/v2\/types\/product"}],"wp:featuredmedia":[{"embeddable":true,"href":"https:\/\/www.kfz-biermair.at\/index.php?rest_route=\/wp\/v2\/media\/1058"}],"wp:attachment":[{"href":"https:\/\/www.kfz-biermair.at\/index.php?rest_route=%2Fwp%2Fv2%2Fmedia&parent=1057"}],"wp:term":[{"taxonomy":"product_brand","embeddable":true,"href":"https:\/\/www.kfz-biermair.at\/index.php?rest_route=%2Fwp%2Fv2%2Fproduct_brand&post=1057"},{"taxonomy":"product_cat","embeddable":true,"href":"https:\/\/www.kfz-biermair.at\/index.php?rest_route=%2Fwp%2Fv2%2Fproduct_cat&post=1057"},{"taxonomy":"product_tag","embeddable":true,"href":"https:\/\/www.kfz-biermair.at\/index.php?rest_route=%2Fwp%2Fv2%2Fproduct_tag&post=1057"}],"curies":[{"name":"wp","href":"https:\/\/api.w.org\/{rel}","templated":true}]}}