












{"id":10807,"date":"2024-01-11T12:59:12","date_gmt":"2024-01-11T11:59:12","guid":{"rendered":"https:\/\/www.kfz-biermair.at\/?post_type=product&#038;p=10807"},"modified":"2024-01-11T12:59:12","modified_gmt":"2024-01-11T11:59:12","slug":"tuerscheibe-li-vo-vw-t4","status":"publish","type":"product","link":"https:\/\/www.kfz-biermair.at\/?product=tuerscheibe-li-vo-vw-t4","title":{"rendered":"T\u00fcrscheibe li. vo. &#8211; VW T4"},"content":{"rendered":"","protected":false},"excerpt":{"rendered":"<p>T\u00fcrscheibe links vorne f\u00fcr VW T4<br \/>\nGebrauchtteil<\/p>\n","protected":false},"featured_media":10808,"template":"","meta":[],"product_brand":[],"product_cat":[34],"product_tag":[],"class_list":{"0":"post-10807","1":"product","2":"type-product","3":"status-publish","4":"has-post-thumbnail","6":"product_cat-t4","8":"first","9":"instock","10":"taxable","11":"shipping-taxable","12":"purchasable","13":"product-type-simple"},"_links":{"self":[{"href":"https:\/\/www.kfz-biermair.at\/index.php?rest_route=\/wp\/v2\/product\/10807","targetHints":{"allow":["GET"]}}],"collection":[{"href":"https:\/\/www.kfz-biermair.at\/index.php?rest_route=\/wp\/v2\/product"}],"about":[{"href":"https:\/\/www.kfz-biermair.at\/index.php?rest_route=\/wp\/v2\/types\/product"}],"wp:featuredmedia":[{"embeddable":true,"href":"https:\/\/www.kfz-biermair.at\/index.php?rest_route=\/wp\/v2\/media\/10808"}],"wp:attachment":[{"href":"https:\/\/www.kfz-biermair.at\/index.php?rest_route=%2Fwp%2Fv2%2Fmedia&parent=10807"}],"wp:term":[{"taxonomy":"product_brand","embeddable":true,"href":"https:\/\/www.kfz-biermair.at\/index.php?rest_route=%2Fwp%2Fv2%2Fproduct_brand&post=10807"},{"taxonomy":"product_cat","embeddable":true,"href":"https:\/\/www.kfz-biermair.at\/index.php?rest_route=%2Fwp%2Fv2%2Fproduct_cat&post=10807"},{"taxonomy":"product_tag","embeddable":true,"href":"https:\/\/www.kfz-biermair.at\/index.php?rest_route=%2Fwp%2Fv2%2Fproduct_tag&post=10807"}],"curies":[{"name":"wp","href":"https:\/\/api.w.org\/{rel}","templated":true}]}}