












{"id":10924,"date":"2024-01-11T16:16:34","date_gmt":"2024-01-11T15:16:34","guid":{"rendered":"https:\/\/www.kfz-biermair.at\/?post_type=product&#038;p=10924"},"modified":"2024-01-11T16:16:34","modified_gmt":"2024-01-11T15:16:34","slug":"druckplatte-fuer-kupplung-neu-vw-und-seat","status":"publish","type":"product","link":"https:\/\/www.kfz-biermair.at\/?product=druckplatte-fuer-kupplung-neu-vw-und-seat","title":{"rendered":"Druckplatte f\u00fcr Kupplung neu &#8211; VW und Seat"},"content":{"rendered":"","protected":false},"excerpt":{"rendered":"<p>Druckplatte f\u00fcr Kupplung neu f\u00fcr:<br \/>\nVW Golf I, Jetta I<br \/>\nSeat Cordoba 1, Toledo 1, Ibiza 2<br \/>\nMarke: Hermsen<br \/>\nTeilenummern: Sachs 30821 080 35<br \/>\nValeo: 003496<\/p>\n","protected":false},"featured_media":10925,"template":"","meta":[],"product_brand":[],"product_cat":[66,43,67,37,159],"product_tag":[],"class_list":{"0":"post-10924","1":"product","2":"type-product","3":"status-publish","4":"has-post-thumbnail","6":"product_cat-cordoba","7":"product_cat-golf-i","8":"product_cat-ibiza","9":"product_cat-jetta-i","10":"product_cat-toledo","12":"first","13":"instock","14":"taxable","15":"shipping-taxable","16":"purchasable","17":"product-type-simple"},"_links":{"self":[{"href":"https:\/\/www.kfz-biermair.at\/index.php?rest_route=\/wp\/v2\/product\/10924","targetHints":{"allow":["GET"]}}],"collection":[{"href":"https:\/\/www.kfz-biermair.at\/index.php?rest_route=\/wp\/v2\/product"}],"about":[{"href":"https:\/\/www.kfz-biermair.at\/index.php?rest_route=\/wp\/v2\/types\/product"}],"wp:featuredmedia":[{"embeddable":true,"href":"https:\/\/www.kfz-biermair.at\/index.php?rest_route=\/wp\/v2\/media\/10925"}],"wp:attachment":[{"href":"https:\/\/www.kfz-biermair.at\/index.php?rest_route=%2Fwp%2Fv2%2Fmedia&parent=10924"}],"wp:term":[{"taxonomy":"product_brand","embeddable":true,"href":"https:\/\/www.kfz-biermair.at\/index.php?rest_route=%2Fwp%2Fv2%2Fproduct_brand&post=10924"},{"taxonomy":"product_cat","embeddable":true,"href":"https:\/\/www.kfz-biermair.at\/index.php?rest_route=%2Fwp%2Fv2%2Fproduct_cat&post=10924"},{"taxonomy":"product_tag","embeddable":true,"href":"https:\/\/www.kfz-biermair.at\/index.php?rest_route=%2Fwp%2Fv2%2Fproduct_tag&post=10924"}],"curies":[{"name":"wp","href":"https:\/\/api.w.org\/{rel}","templated":true}]}}