












{"id":10992,"date":"2024-01-18T13:55:14","date_gmt":"2024-01-18T12:55:14","guid":{"rendered":"https:\/\/www.kfz-biermair.at\/?post_type=product&#038;p=10992"},"modified":"2024-01-18T13:55:15","modified_gmt":"2024-01-18T12:55:15","slug":"bremskloetze-citroen-gs-fiat","status":"publish","type":"product","link":"https:\/\/www.kfz-biermair.at\/?product=bremskloetze-citroen-gs-fiat","title":{"rendered":"Bremskl\u00f6tze &#8211; Citroen GS &#038; Fiat"},"content":{"rendered":"","protected":false},"excerpt":{"rendered":"<p>Bremskl\u00f6tze f\u00fcr Citroen GS und Fiat<br \/>\nMarke: Bendix<br \/>\n571 219<br \/>\n314697<br \/>\n2x vorhanden<br \/>\nneu!<\/p>\n","protected":false},"featured_media":10993,"template":"","meta":[],"product_brand":[],"product_cat":[131,133],"product_tag":[],"class_list":{"0":"post-10992","1":"product","2":"type-product","3":"status-publish","4":"has-post-thumbnail","6":"product_cat-sonstige-fiat","7":"product_cat-sonstige-citroen","9":"first","10":"instock","11":"taxable","12":"shipping-taxable","13":"purchasable","14":"product-type-simple"},"_links":{"self":[{"href":"https:\/\/www.kfz-biermair.at\/index.php?rest_route=\/wp\/v2\/product\/10992","targetHints":{"allow":["GET"]}}],"collection":[{"href":"https:\/\/www.kfz-biermair.at\/index.php?rest_route=\/wp\/v2\/product"}],"about":[{"href":"https:\/\/www.kfz-biermair.at\/index.php?rest_route=\/wp\/v2\/types\/product"}],"wp:featuredmedia":[{"embeddable":true,"href":"https:\/\/www.kfz-biermair.at\/index.php?rest_route=\/wp\/v2\/media\/10993"}],"wp:attachment":[{"href":"https:\/\/www.kfz-biermair.at\/index.php?rest_route=%2Fwp%2Fv2%2Fmedia&parent=10992"}],"wp:term":[{"taxonomy":"product_brand","embeddable":true,"href":"https:\/\/www.kfz-biermair.at\/index.php?rest_route=%2Fwp%2Fv2%2Fproduct_brand&post=10992"},{"taxonomy":"product_cat","embeddable":true,"href":"https:\/\/www.kfz-biermair.at\/index.php?rest_route=%2Fwp%2Fv2%2Fproduct_cat&post=10992"},{"taxonomy":"product_tag","embeddable":true,"href":"https:\/\/www.kfz-biermair.at\/index.php?rest_route=%2Fwp%2Fv2%2Fproduct_tag&post=10992"}],"curies":[{"name":"wp","href":"https:\/\/api.w.org\/{rel}","templated":true}]}}