












{"id":11083,"date":"2024-01-18T16:03:30","date_gmt":"2024-01-18T15:03:30","guid":{"rendered":"https:\/\/www.kfz-biermair.at\/?post_type=product&#038;p=11083"},"modified":"2024-01-18T16:03:31","modified_gmt":"2024-01-18T15:03:31","slug":"bremskloetze-ford-sierra-12","status":"publish","type":"product","link":"https:\/\/www.kfz-biermair.at\/?product=bremskloetze-ford-sierra-12","title":{"rendered":"Bremskl\u00f6tze &#8211; Ford Sierra 1+2"},"content":{"rendered":"","protected":false},"excerpt":{"rendered":"<p>Bremskl\u00f6tze f\u00fcr Ford Sierra 1+2<br \/>\n571540<br \/>\n571308<br \/>\n333766<br \/>\nneu!<\/p>\n","protected":false},"featured_media":11084,"template":"","meta":[],"product_brand":[],"product_cat":[124],"product_tag":[],"class_list":{"0":"post-11083","1":"product","2":"type-product","3":"status-publish","4":"has-post-thumbnail","6":"product_cat-sonstige-ford","8":"first","9":"instock","10":"taxable","11":"shipping-taxable","12":"purchasable","13":"product-type-simple"},"_links":{"self":[{"href":"https:\/\/www.kfz-biermair.at\/index.php?rest_route=\/wp\/v2\/product\/11083","targetHints":{"allow":["GET"]}}],"collection":[{"href":"https:\/\/www.kfz-biermair.at\/index.php?rest_route=\/wp\/v2\/product"}],"about":[{"href":"https:\/\/www.kfz-biermair.at\/index.php?rest_route=\/wp\/v2\/types\/product"}],"wp:featuredmedia":[{"embeddable":true,"href":"https:\/\/www.kfz-biermair.at\/index.php?rest_route=\/wp\/v2\/media\/11084"}],"wp:attachment":[{"href":"https:\/\/www.kfz-biermair.at\/index.php?rest_route=%2Fwp%2Fv2%2Fmedia&parent=11083"}],"wp:term":[{"taxonomy":"product_brand","embeddable":true,"href":"https:\/\/www.kfz-biermair.at\/index.php?rest_route=%2Fwp%2Fv2%2Fproduct_brand&post=11083"},{"taxonomy":"product_cat","embeddable":true,"href":"https:\/\/www.kfz-biermair.at\/index.php?rest_route=%2Fwp%2Fv2%2Fproduct_cat&post=11083"},{"taxonomy":"product_tag","embeddable":true,"href":"https:\/\/www.kfz-biermair.at\/index.php?rest_route=%2Fwp%2Fv2%2Fproduct_tag&post=11083"}],"curies":[{"name":"wp","href":"https:\/\/api.w.org\/{rel}","templated":true}]}}