












{"id":11269,"date":"2024-01-25T15:53:20","date_gmt":"2024-01-25T14:53:20","guid":{"rendered":"https:\/\/www.kfz-biermair.at\/?post_type=product&#038;p=11269"},"modified":"2024-01-25T15:53:20","modified_gmt":"2024-01-25T14:53:20","slug":"oelfilter-citroen-peugeot","status":"publish","type":"product","link":"https:\/\/www.kfz-biermair.at\/?product=oelfilter-citroen-peugeot","title":{"rendered":"\u00d6lfilter &#8211; Citroen, Peugeot"},"content":{"rendered":"","protected":false},"excerpt":{"rendered":"<p>\u00d6lfilter f\u00fcr Citroen und Peugeot<br \/>\nL17601<br \/>\nFC601<br \/>\nW712\/9<br \/>\nLS131<br \/>\nPreisangabe je St\u00fcck<br \/>\nneu!<\/p>\n","protected":false},"featured_media":11270,"template":"","meta":[],"product_brand":[],"product_cat":[82,133],"product_tag":[],"class_list":{"0":"post-11269","1":"product","2":"type-product","3":"status-publish","4":"has-post-thumbnail","6":"product_cat-sonstige-peugeot","7":"product_cat-sonstige-citroen","9":"first","10":"instock","11":"taxable","12":"shipping-taxable","13":"purchasable","14":"product-type-simple"},"_links":{"self":[{"href":"https:\/\/www.kfz-biermair.at\/index.php?rest_route=\/wp\/v2\/product\/11269","targetHints":{"allow":["GET"]}}],"collection":[{"href":"https:\/\/www.kfz-biermair.at\/index.php?rest_route=\/wp\/v2\/product"}],"about":[{"href":"https:\/\/www.kfz-biermair.at\/index.php?rest_route=\/wp\/v2\/types\/product"}],"wp:featuredmedia":[{"embeddable":true,"href":"https:\/\/www.kfz-biermair.at\/index.php?rest_route=\/wp\/v2\/media\/11270"}],"wp:attachment":[{"href":"https:\/\/www.kfz-biermair.at\/index.php?rest_route=%2Fwp%2Fv2%2Fmedia&parent=11269"}],"wp:term":[{"taxonomy":"product_brand","embeddable":true,"href":"https:\/\/www.kfz-biermair.at\/index.php?rest_route=%2Fwp%2Fv2%2Fproduct_brand&post=11269"},{"taxonomy":"product_cat","embeddable":true,"href":"https:\/\/www.kfz-biermair.at\/index.php?rest_route=%2Fwp%2Fv2%2Fproduct_cat&post=11269"},{"taxonomy":"product_tag","embeddable":true,"href":"https:\/\/www.kfz-biermair.at\/index.php?rest_route=%2Fwp%2Fv2%2Fproduct_tag&post=11269"}],"curies":[{"name":"wp","href":"https:\/\/api.w.org\/{rel}","templated":true}]}}