












{"id":11378,"date":"2024-01-25T17:29:22","date_gmt":"2024-01-25T16:29:22","guid":{"rendered":"https:\/\/www.kfz-biermair.at\/?post_type=product&#038;p=11378"},"modified":"2024-01-25T17:29:23","modified_gmt":"2024-01-25T16:29:23","slug":"oelfilter-fiat-iveco","status":"publish","type":"product","link":"https:\/\/www.kfz-biermair.at\/?product=oelfilter-fiat-iveco","title":{"rendered":"\u00d6lfilter &#8211; Fiat, Iveco"},"content":{"rendered":"","protected":false},"excerpt":{"rendered":"<p>\u00d6lfilter f\u00fcr Fiat, Iveco<br \/>\nL37 198<br \/>\nW1140<br \/>\nW1140\/1<br \/>\nPreisangabe je St\u00fcck<br \/>\nneu!<\/p>\n","protected":false},"featured_media":11379,"template":"","meta":[],"product_brand":[],"product_cat":[81,131],"product_tag":[],"class_list":{"0":"post-11378","1":"product","2":"type-product","3":"status-publish","4":"has-post-thumbnail","6":"product_cat-sonstige-2","7":"product_cat-sonstige-fiat","9":"first","10":"instock","11":"taxable","12":"shipping-taxable","13":"purchasable","14":"product-type-simple"},"_links":{"self":[{"href":"https:\/\/www.kfz-biermair.at\/index.php?rest_route=\/wp\/v2\/product\/11378","targetHints":{"allow":["GET"]}}],"collection":[{"href":"https:\/\/www.kfz-biermair.at\/index.php?rest_route=\/wp\/v2\/product"}],"about":[{"href":"https:\/\/www.kfz-biermair.at\/index.php?rest_route=\/wp\/v2\/types\/product"}],"wp:featuredmedia":[{"embeddable":true,"href":"https:\/\/www.kfz-biermair.at\/index.php?rest_route=\/wp\/v2\/media\/11379"}],"wp:attachment":[{"href":"https:\/\/www.kfz-biermair.at\/index.php?rest_route=%2Fwp%2Fv2%2Fmedia&parent=11378"}],"wp:term":[{"taxonomy":"product_brand","embeddable":true,"href":"https:\/\/www.kfz-biermair.at\/index.php?rest_route=%2Fwp%2Fv2%2Fproduct_brand&post=11378"},{"taxonomy":"product_cat","embeddable":true,"href":"https:\/\/www.kfz-biermair.at\/index.php?rest_route=%2Fwp%2Fv2%2Fproduct_cat&post=11378"},{"taxonomy":"product_tag","embeddable":true,"href":"https:\/\/www.kfz-biermair.at\/index.php?rest_route=%2Fwp%2Fv2%2Fproduct_tag&post=11378"}],"curies":[{"name":"wp","href":"https:\/\/api.w.org\/{rel}","templated":true}]}}