












{"id":11381,"date":"2024-01-25T17:32:02","date_gmt":"2024-01-25T16:32:02","guid":{"rendered":"https:\/\/www.kfz-biermair.at\/?post_type=product&#038;p=11381"},"modified":"2024-01-25T17:32:03","modified_gmt":"2024-01-25T16:32:03","slug":"oelfilter-opel-omega-frontera","status":"publish","type":"product","link":"https:\/\/www.kfz-biermair.at\/?product=oelfilter-opel-omega-frontera","title":{"rendered":"\u00d6lfilter &#8211; Opel Omega, Frontera"},"content":{"rendered":"","protected":false},"excerpt":{"rendered":"<p>\u00d6lfilter f\u00fcr Opel Omega, Frontera<br \/>\nL27525<br \/>\nW930\/12<br \/>\nneu!<\/p>\n","protected":false},"featured_media":11382,"template":"","meta":[],"product_brand":[],"product_cat":[88],"product_tag":[],"class_list":{"0":"post-11381","1":"product","2":"type-product","3":"status-publish","4":"has-post-thumbnail","6":"product_cat-sonstige-opel","8":"first","9":"instock","10":"taxable","11":"shipping-taxable","12":"purchasable","13":"product-type-simple"},"_links":{"self":[{"href":"https:\/\/www.kfz-biermair.at\/index.php?rest_route=\/wp\/v2\/product\/11381","targetHints":{"allow":["GET"]}}],"collection":[{"href":"https:\/\/www.kfz-biermair.at\/index.php?rest_route=\/wp\/v2\/product"}],"about":[{"href":"https:\/\/www.kfz-biermair.at\/index.php?rest_route=\/wp\/v2\/types\/product"}],"wp:featuredmedia":[{"embeddable":true,"href":"https:\/\/www.kfz-biermair.at\/index.php?rest_route=\/wp\/v2\/media\/11382"}],"wp:attachment":[{"href":"https:\/\/www.kfz-biermair.at\/index.php?rest_route=%2Fwp%2Fv2%2Fmedia&parent=11381"}],"wp:term":[{"taxonomy":"product_brand","embeddable":true,"href":"https:\/\/www.kfz-biermair.at\/index.php?rest_route=%2Fwp%2Fv2%2Fproduct_brand&post=11381"},{"taxonomy":"product_cat","embeddable":true,"href":"https:\/\/www.kfz-biermair.at\/index.php?rest_route=%2Fwp%2Fv2%2Fproduct_cat&post=11381"},{"taxonomy":"product_tag","embeddable":true,"href":"https:\/\/www.kfz-biermair.at\/index.php?rest_route=%2Fwp%2Fv2%2Fproduct_tag&post=11381"}],"curies":[{"name":"wp","href":"https:\/\/api.w.org\/{rel}","templated":true}]}}