












{"id":13146,"date":"2024-02-21T13:11:02","date_gmt":"2024-02-21T12:11:02","guid":{"rendered":"https:\/\/www.kfz-biermair.at\/?post_type=product&#038;p=13146"},"modified":"2024-03-13T09:04:45","modified_gmt":"2024-03-13T08:04:45","slug":"stossstange-hinten-peugeot-106-1991-2003","status":"publish","type":"product","link":"https:\/\/www.kfz-biermair.at\/?product=stossstange-hinten-peugeot-106-1991-2003","title":{"rendered":"Sto\u00dfstange hinten &#8211; Peugeot 106 1991-2003"},"content":{"rendered":"","protected":false},"excerpt":{"rendered":"<p>Sto\u00dfstange hinten f\u00fcr Peugeot 106 1991-2003<br \/>\n9620258777<br \/>\nZustand laut Bilder<br \/>\nGebrauchtteil<\/p>\n","protected":false},"featured_media":13147,"template":"","meta":[],"product_brand":[],"product_cat":[200],"product_tag":[],"class_list":{"0":"post-13146","1":"product","2":"type-product","3":"status-publish","4":"has-post-thumbnail","6":"product_cat-200","8":"first","9":"instock","10":"taxable","11":"shipping-taxable","12":"purchasable","13":"product-type-simple"},"_links":{"self":[{"href":"https:\/\/www.kfz-biermair.at\/index.php?rest_route=\/wp\/v2\/product\/13146","targetHints":{"allow":["GET"]}}],"collection":[{"href":"https:\/\/www.kfz-biermair.at\/index.php?rest_route=\/wp\/v2\/product"}],"about":[{"href":"https:\/\/www.kfz-biermair.at\/index.php?rest_route=\/wp\/v2\/types\/product"}],"wp:featuredmedia":[{"embeddable":true,"href":"https:\/\/www.kfz-biermair.at\/index.php?rest_route=\/wp\/v2\/media\/13147"}],"wp:attachment":[{"href":"https:\/\/www.kfz-biermair.at\/index.php?rest_route=%2Fwp%2Fv2%2Fmedia&parent=13146"}],"wp:term":[{"taxonomy":"product_brand","embeddable":true,"href":"https:\/\/www.kfz-biermair.at\/index.php?rest_route=%2Fwp%2Fv2%2Fproduct_brand&post=13146"},{"taxonomy":"product_cat","embeddable":true,"href":"https:\/\/www.kfz-biermair.at\/index.php?rest_route=%2Fwp%2Fv2%2Fproduct_cat&post=13146"},{"taxonomy":"product_tag","embeddable":true,"href":"https:\/\/www.kfz-biermair.at\/index.php?rest_route=%2Fwp%2Fv2%2Fproduct_tag&post=13146"}],"curies":[{"name":"wp","href":"https:\/\/api.w.org\/{rel}","templated":true}]}}