












{"id":13537,"date":"2024-02-23T09:43:30","date_gmt":"2024-02-23T08:43:30","guid":{"rendered":"https:\/\/www.kfz-biermair.at\/?post_type=product&#038;p=13537"},"modified":"2024-02-23T09:43:30","modified_gmt":"2024-02-23T08:43:30","slug":"schlosstraeger-frontblechstuetze-audi-100-c4","status":"publish","type":"product","link":"https:\/\/www.kfz-biermair.at\/?product=schlosstraeger-frontblechstuetze-audi-100-c4","title":{"rendered":"Schlosstr\u00e4ger &#8211; Frontblechst\u00fctze &#8211; Audi 100 C4"},"content":{"rendered":"","protected":false},"excerpt":{"rendered":"<p>Schlosstr\u00e4ger vorne \/ Frontblech &#8211; Frontblechst\u00fctze<br \/>\nZustand lt. Bilder<br \/>\nSetpreis<br \/>\nGebrauchtteile<\/p>\n","protected":false},"featured_media":13538,"template":"","meta":[],"product_brand":[],"product_cat":[143],"product_tag":[],"class_list":{"0":"post-13537","1":"product","2":"type-product","3":"status-publish","4":"has-post-thumbnail","6":"product_cat-100-c4","8":"first","9":"instock","10":"taxable","11":"shipping-taxable","12":"purchasable","13":"product-type-simple"},"_links":{"self":[{"href":"https:\/\/www.kfz-biermair.at\/index.php?rest_route=\/wp\/v2\/product\/13537","targetHints":{"allow":["GET"]}}],"collection":[{"href":"https:\/\/www.kfz-biermair.at\/index.php?rest_route=\/wp\/v2\/product"}],"about":[{"href":"https:\/\/www.kfz-biermair.at\/index.php?rest_route=\/wp\/v2\/types\/product"}],"wp:featuredmedia":[{"embeddable":true,"href":"https:\/\/www.kfz-biermair.at\/index.php?rest_route=\/wp\/v2\/media\/13538"}],"wp:attachment":[{"href":"https:\/\/www.kfz-biermair.at\/index.php?rest_route=%2Fwp%2Fv2%2Fmedia&parent=13537"}],"wp:term":[{"taxonomy":"product_brand","embeddable":true,"href":"https:\/\/www.kfz-biermair.at\/index.php?rest_route=%2Fwp%2Fv2%2Fproduct_brand&post=13537"},{"taxonomy":"product_cat","embeddable":true,"href":"https:\/\/www.kfz-biermair.at\/index.php?rest_route=%2Fwp%2Fv2%2Fproduct_cat&post=13537"},{"taxonomy":"product_tag","embeddable":true,"href":"https:\/\/www.kfz-biermair.at\/index.php?rest_route=%2Fwp%2Fv2%2Fproduct_tag&post=13537"}],"curies":[{"name":"wp","href":"https:\/\/api.w.org\/{rel}","templated":true}]}}