












{"id":14292,"date":"2024-02-29T13:22:05","date_gmt":"2024-02-29T12:22:05","guid":{"rendered":"https:\/\/www.kfz-biermair.at\/?post_type=product&#038;p=14292"},"modified":"2024-03-13T07:27:51","modified_gmt":"2024-03-13T06:27:51","slug":"stossstange-hinten-toyota-celica-t16","status":"publish","type":"product","link":"https:\/\/www.kfz-biermair.at\/?product=stossstange-hinten-toyota-celica-t16","title":{"rendered":"Sto\u00dfstange hinten &#8211; Toyota Celica T16"},"content":{"rendered":"","protected":false},"excerpt":{"rendered":"<p>Sto\u00dfstange hinten f\u00fcr Toyota Celica T16<br \/>\nmit wundersch\u00f6nem Sto\u00dfstangentr\u00e4ger<br \/>\n52023-20170<br \/>\nZustand laut Bilder<br \/>\nGebrauchtteil<\/p>\n","protected":false},"featured_media":14293,"template":"","meta":[],"product_brand":[],"product_cat":[182],"product_tag":[],"class_list":{"0":"post-14292","1":"product","2":"type-product","3":"status-publish","4":"has-post-thumbnail","6":"product_cat-t16","8":"first","9":"instock","10":"taxable","11":"shipping-taxable","12":"purchasable","13":"product-type-simple"},"_links":{"self":[{"href":"https:\/\/www.kfz-biermair.at\/index.php?rest_route=\/wp\/v2\/product\/14292","targetHints":{"allow":["GET"]}}],"collection":[{"href":"https:\/\/www.kfz-biermair.at\/index.php?rest_route=\/wp\/v2\/product"}],"about":[{"href":"https:\/\/www.kfz-biermair.at\/index.php?rest_route=\/wp\/v2\/types\/product"}],"wp:featuredmedia":[{"embeddable":true,"href":"https:\/\/www.kfz-biermair.at\/index.php?rest_route=\/wp\/v2\/media\/14293"}],"wp:attachment":[{"href":"https:\/\/www.kfz-biermair.at\/index.php?rest_route=%2Fwp%2Fv2%2Fmedia&parent=14292"}],"wp:term":[{"taxonomy":"product_brand","embeddable":true,"href":"https:\/\/www.kfz-biermair.at\/index.php?rest_route=%2Fwp%2Fv2%2Fproduct_brand&post=14292"},{"taxonomy":"product_cat","embeddable":true,"href":"https:\/\/www.kfz-biermair.at\/index.php?rest_route=%2Fwp%2Fv2%2Fproduct_cat&post=14292"},{"taxonomy":"product_tag","embeddable":true,"href":"https:\/\/www.kfz-biermair.at\/index.php?rest_route=%2Fwp%2Fv2%2Fproduct_tag&post=14292"}],"curies":[{"name":"wp","href":"https:\/\/api.w.org\/{rel}","templated":true}]}}