












{"id":14488,"date":"2024-02-29T17:31:00","date_gmt":"2024-02-29T16:31:00","guid":{"rendered":"https:\/\/www.kfz-biermair.at\/?post_type=product&#038;p=14488"},"modified":"2024-02-29T17:31:00","modified_gmt":"2024-02-29T16:31:00","slug":"stossstange-hinten-ford-focus-1-1998-2001","status":"publish","type":"product","link":"https:\/\/www.kfz-biermair.at\/?product=stossstange-hinten-ford-focus-1-1998-2001","title":{"rendered":"Sto\u00dfstange hinten &#8211; Ford Focus 1 1998-2001"},"content":{"rendered":"","protected":false},"excerpt":{"rendered":"<p>Sto\u00dfstange hinten f\u00fcr Ford Focus 1 1988-2001<br \/>\nYS41 17906 ABW<br \/>\nZustand laut Bilder<br \/>\nGebrauchtteil<\/p>\n","protected":false},"featured_media":14489,"template":"","meta":[],"product_brand":[],"product_cat":[123],"product_tag":[],"class_list":{"0":"post-14488","1":"product","2":"type-product","3":"status-publish","4":"has-post-thumbnail","6":"product_cat-focus","8":"first","9":"instock","10":"taxable","11":"shipping-taxable","12":"purchasable","13":"product-type-simple"},"_links":{"self":[{"href":"https:\/\/www.kfz-biermair.at\/index.php?rest_route=\/wp\/v2\/product\/14488","targetHints":{"allow":["GET"]}}],"collection":[{"href":"https:\/\/www.kfz-biermair.at\/index.php?rest_route=\/wp\/v2\/product"}],"about":[{"href":"https:\/\/www.kfz-biermair.at\/index.php?rest_route=\/wp\/v2\/types\/product"}],"wp:featuredmedia":[{"embeddable":true,"href":"https:\/\/www.kfz-biermair.at\/index.php?rest_route=\/wp\/v2\/media\/14489"}],"wp:attachment":[{"href":"https:\/\/www.kfz-biermair.at\/index.php?rest_route=%2Fwp%2Fv2%2Fmedia&parent=14488"}],"wp:term":[{"taxonomy":"product_brand","embeddable":true,"href":"https:\/\/www.kfz-biermair.at\/index.php?rest_route=%2Fwp%2Fv2%2Fproduct_brand&post=14488"},{"taxonomy":"product_cat","embeddable":true,"href":"https:\/\/www.kfz-biermair.at\/index.php?rest_route=%2Fwp%2Fv2%2Fproduct_cat&post=14488"},{"taxonomy":"product_tag","embeddable":true,"href":"https:\/\/www.kfz-biermair.at\/index.php?rest_route=%2Fwp%2Fv2%2Fproduct_tag&post=14488"}],"curies":[{"name":"wp","href":"https:\/\/api.w.org\/{rel}","templated":true}]}}