












{"id":14639,"date":"2024-03-05T13:09:35","date_gmt":"2024-03-05T12:09:35","guid":{"rendered":"https:\/\/www.kfz-biermair.at\/?post_type=product&#038;p=14639"},"modified":"2024-03-05T13:09:36","modified_gmt":"2024-03-05T12:09:36","slug":"kotfluegel-rechts-vorne-vw-typ3","status":"publish","type":"product","link":"https:\/\/www.kfz-biermair.at\/?product=kotfluegel-rechts-vorne-vw-typ3","title":{"rendered":"Kotfl\u00fcgel rechts vorne &#8211; VW Typ3"},"content":{"rendered":"","protected":false},"excerpt":{"rendered":"<p>Kotfl\u00fcgel vorne rechts f\u00fcr VW Typ3<br \/>\nPreis auf Anfrage<br \/>\nZustand lt. Bilder<br \/>\nGebrauchtteil<\/p>\n","protected":false},"featured_media":14640,"template":"","meta":[],"product_brand":[],"product_cat":[163],"product_tag":[],"class_list":{"0":"post-14639","1":"product","2":"type-product","3":"status-publish","4":"has-post-thumbnail","6":"product_cat-sonstige-vw","8":"first","9":"instock","10":"taxable","11":"shipping-taxable","12":"product-type-simple"},"_links":{"self":[{"href":"https:\/\/www.kfz-biermair.at\/index.php?rest_route=\/wp\/v2\/product\/14639","targetHints":{"allow":["GET"]}}],"collection":[{"href":"https:\/\/www.kfz-biermair.at\/index.php?rest_route=\/wp\/v2\/product"}],"about":[{"href":"https:\/\/www.kfz-biermair.at\/index.php?rest_route=\/wp\/v2\/types\/product"}],"wp:featuredmedia":[{"embeddable":true,"href":"https:\/\/www.kfz-biermair.at\/index.php?rest_route=\/wp\/v2\/media\/14640"}],"wp:attachment":[{"href":"https:\/\/www.kfz-biermair.at\/index.php?rest_route=%2Fwp%2Fv2%2Fmedia&parent=14639"}],"wp:term":[{"taxonomy":"product_brand","embeddable":true,"href":"https:\/\/www.kfz-biermair.at\/index.php?rest_route=%2Fwp%2Fv2%2Fproduct_brand&post=14639"},{"taxonomy":"product_cat","embeddable":true,"href":"https:\/\/www.kfz-biermair.at\/index.php?rest_route=%2Fwp%2Fv2%2Fproduct_cat&post=14639"},{"taxonomy":"product_tag","embeddable":true,"href":"https:\/\/www.kfz-biermair.at\/index.php?rest_route=%2Fwp%2Fv2%2Fproduct_tag&post=14639"}],"curies":[{"name":"wp","href":"https:\/\/api.w.org\/{rel}","templated":true}]}}