












{"id":14688,"date":"2024-03-05T15:06:22","date_gmt":"2024-03-05T14:06:22","guid":{"rendered":"https:\/\/www.kfz-biermair.at\/?post_type=product&#038;p=14688"},"modified":"2024-03-05T15:06:23","modified_gmt":"2024-03-05T14:06:23","slug":"stossstangenansatz-hinten-audi-80-b4","status":"publish","type":"product","link":"https:\/\/www.kfz-biermair.at\/?product=stossstangenansatz-hinten-audi-80-b4","title":{"rendered":"Sto\u00dfstangenansatz hinten &#8211; Audi 80 B4"},"content":{"rendered":"","protected":false},"excerpt":{"rendered":"<p>Sto\u00dfstangenansatz hinten f\u00fcr Audi 80B4<br \/>\nMacchitalia Typ VO B4-2<br \/>\nZustand lt. Bilder<br \/>\nGebrauchtteil<\/p>\n","protected":false},"featured_media":14689,"template":"","meta":[],"product_brand":[],"product_cat":[148],"product_tag":[],"class_list":{"0":"post-14688","1":"product","2":"type-product","3":"status-publish","4":"has-post-thumbnail","6":"product_cat-80-b4","8":"first","9":"instock","10":"taxable","11":"shipping-taxable","12":"purchasable","13":"product-type-simple"},"_links":{"self":[{"href":"https:\/\/www.kfz-biermair.at\/index.php?rest_route=\/wp\/v2\/product\/14688","targetHints":{"allow":["GET"]}}],"collection":[{"href":"https:\/\/www.kfz-biermair.at\/index.php?rest_route=\/wp\/v2\/product"}],"about":[{"href":"https:\/\/www.kfz-biermair.at\/index.php?rest_route=\/wp\/v2\/types\/product"}],"wp:featuredmedia":[{"embeddable":true,"href":"https:\/\/www.kfz-biermair.at\/index.php?rest_route=\/wp\/v2\/media\/14689"}],"wp:attachment":[{"href":"https:\/\/www.kfz-biermair.at\/index.php?rest_route=%2Fwp%2Fv2%2Fmedia&parent=14688"}],"wp:term":[{"taxonomy":"product_brand","embeddable":true,"href":"https:\/\/www.kfz-biermair.at\/index.php?rest_route=%2Fwp%2Fv2%2Fproduct_brand&post=14688"},{"taxonomy":"product_cat","embeddable":true,"href":"https:\/\/www.kfz-biermair.at\/index.php?rest_route=%2Fwp%2Fv2%2Fproduct_cat&post=14688"},{"taxonomy":"product_tag","embeddable":true,"href":"https:\/\/www.kfz-biermair.at\/index.php?rest_route=%2Fwp%2Fv2%2Fproduct_tag&post=14688"}],"curies":[{"name":"wp","href":"https:\/\/api.w.org\/{rel}","templated":true}]}}