












{"id":14743,"date":"2024-03-06T16:29:17","date_gmt":"2024-03-06T15:29:17","guid":{"rendered":"https:\/\/www.kfz-biermair.at\/?post_type=product&#038;p=14743"},"modified":"2024-03-06T16:29:17","modified_gmt":"2024-03-06T15:29:17","slug":"einschweissbleche-ford-p7-17m","status":"publish","type":"product","link":"https:\/\/www.kfz-biermair.at\/?product=einschweissbleche-ford-p7-17m","title":{"rendered":"Einschwei\u00dfbleche &#8211; Ford P7 17M"},"content":{"rendered":"","protected":false},"excerpt":{"rendered":"<p>Einschwei\u00dfbleche f\u00fcr Ford P7 17M<br \/>\nPreis auf Anfrage<br \/>\nZustand lt. Bilder<br \/>\nGebrauchtteile<\/p>\n","protected":false},"featured_media":14744,"template":"","meta":[],"product_brand":[],"product_cat":[124],"product_tag":[],"class_list":{"0":"post-14743","1":"product","2":"type-product","3":"status-publish","4":"has-post-thumbnail","6":"product_cat-sonstige-ford","8":"first","9":"instock","10":"taxable","11":"shipping-taxable","12":"product-type-simple"},"_links":{"self":[{"href":"https:\/\/www.kfz-biermair.at\/index.php?rest_route=\/wp\/v2\/product\/14743","targetHints":{"allow":["GET"]}}],"collection":[{"href":"https:\/\/www.kfz-biermair.at\/index.php?rest_route=\/wp\/v2\/product"}],"about":[{"href":"https:\/\/www.kfz-biermair.at\/index.php?rest_route=\/wp\/v2\/types\/product"}],"wp:featuredmedia":[{"embeddable":true,"href":"https:\/\/www.kfz-biermair.at\/index.php?rest_route=\/wp\/v2\/media\/14744"}],"wp:attachment":[{"href":"https:\/\/www.kfz-biermair.at\/index.php?rest_route=%2Fwp%2Fv2%2Fmedia&parent=14743"}],"wp:term":[{"taxonomy":"product_brand","embeddable":true,"href":"https:\/\/www.kfz-biermair.at\/index.php?rest_route=%2Fwp%2Fv2%2Fproduct_brand&post=14743"},{"taxonomy":"product_cat","embeddable":true,"href":"https:\/\/www.kfz-biermair.at\/index.php?rest_route=%2Fwp%2Fv2%2Fproduct_cat&post=14743"},{"taxonomy":"product_tag","embeddable":true,"href":"https:\/\/www.kfz-biermair.at\/index.php?rest_route=%2Fwp%2Fv2%2Fproduct_tag&post=14743"}],"curies":[{"name":"wp","href":"https:\/\/api.w.org\/{rel}","templated":true}]}}