












{"id":14748,"date":"2024-03-06T16:33:31","date_gmt":"2024-03-06T15:33:31","guid":{"rendered":"https:\/\/www.kfz-biermair.at\/?post_type=product&#038;p=14748"},"modified":"2024-03-06T16:33:32","modified_gmt":"2024-03-06T15:33:32","slug":"kotfluegel-links-hyundai-accent-lc","status":"publish","type":"product","link":"https:\/\/www.kfz-biermair.at\/?product=kotfluegel-links-hyundai-accent-lc","title":{"rendered":"Kotfl\u00fcgel links &#8211; Hyundai Accent LC"},"content":{"rendered":"","protected":false},"excerpt":{"rendered":"<p>Kotfl\u00fcgel links f\u00fcr Hyundai Accent LC<br \/>\nZustand lt. Bilder<br \/>\nGebrauchtteil<\/p>\n","protected":false},"featured_media":14749,"template":"","meta":[],"product_brand":[],"product_cat":[114],"product_tag":[],"class_list":{"0":"post-14748","1":"product","2":"type-product","3":"status-publish","4":"has-post-thumbnail","6":"product_cat-accent","8":"first","9":"instock","10":"taxable","11":"shipping-taxable","12":"purchasable","13":"product-type-simple"},"_links":{"self":[{"href":"https:\/\/www.kfz-biermair.at\/index.php?rest_route=\/wp\/v2\/product\/14748","targetHints":{"allow":["GET"]}}],"collection":[{"href":"https:\/\/www.kfz-biermair.at\/index.php?rest_route=\/wp\/v2\/product"}],"about":[{"href":"https:\/\/www.kfz-biermair.at\/index.php?rest_route=\/wp\/v2\/types\/product"}],"wp:featuredmedia":[{"embeddable":true,"href":"https:\/\/www.kfz-biermair.at\/index.php?rest_route=\/wp\/v2\/media\/14749"}],"wp:attachment":[{"href":"https:\/\/www.kfz-biermair.at\/index.php?rest_route=%2Fwp%2Fv2%2Fmedia&parent=14748"}],"wp:term":[{"taxonomy":"product_brand","embeddable":true,"href":"https:\/\/www.kfz-biermair.at\/index.php?rest_route=%2Fwp%2Fv2%2Fproduct_brand&post=14748"},{"taxonomy":"product_cat","embeddable":true,"href":"https:\/\/www.kfz-biermair.at\/index.php?rest_route=%2Fwp%2Fv2%2Fproduct_cat&post=14748"},{"taxonomy":"product_tag","embeddable":true,"href":"https:\/\/www.kfz-biermair.at\/index.php?rest_route=%2Fwp%2Fv2%2Fproduct_tag&post=14748"}],"curies":[{"name":"wp","href":"https:\/\/api.w.org\/{rel}","templated":true}]}}