












{"id":14765,"date":"2024-03-06T17:35:45","date_gmt":"2024-03-06T16:35:45","guid":{"rendered":"https:\/\/www.kfz-biermair.at\/?post_type=product&#038;p=14765"},"modified":"2024-03-06T17:35:45","modified_gmt":"2024-03-06T16:35:45","slug":"kotfluegel-links-ford-mondeo-b4y","status":"publish","type":"product","link":"https:\/\/www.kfz-biermair.at\/?product=kotfluegel-links-ford-mondeo-b4y","title":{"rendered":"Kotfl\u00fcgel links &#8211; Ford Mondeo B4Y"},"content":{"rendered":"","protected":false},"excerpt":{"rendered":"<p>Kotfl\u00fcgel links f\u00fcr Ford Mondeo B4Y<br \/>\n2000-2007<br \/>\nZustand lt. Bilder<br \/>\nGebrauchtteil<\/p>\n","protected":false},"featured_media":14766,"template":"","meta":[],"product_brand":[],"product_cat":[121],"product_tag":[],"class_list":{"0":"post-14765","1":"product","2":"type-product","3":"status-publish","4":"has-post-thumbnail","6":"product_cat-mondeo","8":"first","9":"instock","10":"taxable","11":"shipping-taxable","12":"purchasable","13":"product-type-simple"},"_links":{"self":[{"href":"https:\/\/www.kfz-biermair.at\/index.php?rest_route=\/wp\/v2\/product\/14765","targetHints":{"allow":["GET"]}}],"collection":[{"href":"https:\/\/www.kfz-biermair.at\/index.php?rest_route=\/wp\/v2\/product"}],"about":[{"href":"https:\/\/www.kfz-biermair.at\/index.php?rest_route=\/wp\/v2\/types\/product"}],"wp:featuredmedia":[{"embeddable":true,"href":"https:\/\/www.kfz-biermair.at\/index.php?rest_route=\/wp\/v2\/media\/14766"}],"wp:attachment":[{"href":"https:\/\/www.kfz-biermair.at\/index.php?rest_route=%2Fwp%2Fv2%2Fmedia&parent=14765"}],"wp:term":[{"taxonomy":"product_brand","embeddable":true,"href":"https:\/\/www.kfz-biermair.at\/index.php?rest_route=%2Fwp%2Fv2%2Fproduct_brand&post=14765"},{"taxonomy":"product_cat","embeddable":true,"href":"https:\/\/www.kfz-biermair.at\/index.php?rest_route=%2Fwp%2Fv2%2Fproduct_cat&post=14765"},{"taxonomy":"product_tag","embeddable":true,"href":"https:\/\/www.kfz-biermair.at\/index.php?rest_route=%2Fwp%2Fv2%2Fproduct_tag&post=14765"}],"curies":[{"name":"wp","href":"https:\/\/api.w.org\/{rel}","templated":true}]}}