












{"id":15188,"date":"2024-03-11T16:36:22","date_gmt":"2024-03-11T15:36:22","guid":{"rendered":"https:\/\/www.kfz-biermair.at\/?post_type=product&#038;p=15188"},"modified":"2024-03-11T16:36:23","modified_gmt":"2024-03-11T15:36:23","slug":"kotfluegel-links-vw-t4","status":"publish","type":"product","link":"https:\/\/www.kfz-biermair.at\/?product=kotfluegel-links-vw-t4","title":{"rendered":"Kotfl\u00fcgel links &#8211; VW T4"},"content":{"rendered":"","protected":false},"excerpt":{"rendered":"<p>Kotfl\u00fcgel links f\u00fcr VW T4 Bus<br \/>\ngeschwei\u00dfte Variante<br \/>\nZustand lt. Bilder<br \/>\nGebrauchtteil<\/p>\n","protected":false},"featured_media":15189,"template":"","meta":[],"product_brand":[],"product_cat":[34],"product_tag":[],"class_list":{"0":"post-15188","1":"product","2":"type-product","3":"status-publish","4":"has-post-thumbnail","6":"product_cat-t4","8":"first","9":"instock","10":"taxable","11":"shipping-taxable","12":"purchasable","13":"product-type-simple"},"_links":{"self":[{"href":"https:\/\/www.kfz-biermair.at\/index.php?rest_route=\/wp\/v2\/product\/15188","targetHints":{"allow":["GET"]}}],"collection":[{"href":"https:\/\/www.kfz-biermair.at\/index.php?rest_route=\/wp\/v2\/product"}],"about":[{"href":"https:\/\/www.kfz-biermair.at\/index.php?rest_route=\/wp\/v2\/types\/product"}],"wp:featuredmedia":[{"embeddable":true,"href":"https:\/\/www.kfz-biermair.at\/index.php?rest_route=\/wp\/v2\/media\/15189"}],"wp:attachment":[{"href":"https:\/\/www.kfz-biermair.at\/index.php?rest_route=%2Fwp%2Fv2%2Fmedia&parent=15188"}],"wp:term":[{"taxonomy":"product_brand","embeddable":true,"href":"https:\/\/www.kfz-biermair.at\/index.php?rest_route=%2Fwp%2Fv2%2Fproduct_brand&post=15188"},{"taxonomy":"product_cat","embeddable":true,"href":"https:\/\/www.kfz-biermair.at\/index.php?rest_route=%2Fwp%2Fv2%2Fproduct_cat&post=15188"},{"taxonomy":"product_tag","embeddable":true,"href":"https:\/\/www.kfz-biermair.at\/index.php?rest_route=%2Fwp%2Fv2%2Fproduct_tag&post=15188"}],"curies":[{"name":"wp","href":"https:\/\/api.w.org\/{rel}","templated":true}]}}