












{"id":1556,"date":"2021-10-19T14:57:21","date_gmt":"2021-10-19T12:57:21","guid":{"rendered":"https:\/\/www.kfz-biermair.at\/?post_type=product&#038;p=1556"},"modified":"2022-07-26T11:18:50","modified_gmt":"2022-07-26T09:18:50","slug":"zierleiste-fuer-kotfluegel-hinten","status":"publish","type":"product","link":"https:\/\/www.kfz-biermair.at\/?product=zierleiste-fuer-kotfluegel-hinten","title":{"rendered":"Zierleiste f\u00fcr Kotfl\u00fcgel hinten &#8211; SW20"},"content":{"rendered":"","protected":false},"excerpt":{"rendered":"<p>Zierleiste f\u00fcr Kotfl\u00fcgel hinten links und rechts<\/p>\n<p>St\u00fcckpreis \u20ac 50,00<\/p>\n<p>f\u00fcr Toyota MR2 SW20<\/p>\n<p>Gebrauchtteile !!<\/p>\n<p>&nbsp;<\/p>\n","protected":false},"featured_media":1557,"template":"","meta":[],"product_brand":[],"product_cat":[47],"product_tag":[],"class_list":{"0":"post-1556","1":"product","2":"type-product","3":"status-publish","4":"has-post-thumbnail","6":"product_cat-mr2-sw20","8":"first","9":"instock","10":"taxable","11":"shipping-taxable","12":"purchasable","13":"product-type-simple"},"_links":{"self":[{"href":"https:\/\/www.kfz-biermair.at\/index.php?rest_route=\/wp\/v2\/product\/1556","targetHints":{"allow":["GET"]}}],"collection":[{"href":"https:\/\/www.kfz-biermair.at\/index.php?rest_route=\/wp\/v2\/product"}],"about":[{"href":"https:\/\/www.kfz-biermair.at\/index.php?rest_route=\/wp\/v2\/types\/product"}],"wp:featuredmedia":[{"embeddable":true,"href":"https:\/\/www.kfz-biermair.at\/index.php?rest_route=\/wp\/v2\/media\/1557"}],"wp:attachment":[{"href":"https:\/\/www.kfz-biermair.at\/index.php?rest_route=%2Fwp%2Fv2%2Fmedia&parent=1556"}],"wp:term":[{"taxonomy":"product_brand","embeddable":true,"href":"https:\/\/www.kfz-biermair.at\/index.php?rest_route=%2Fwp%2Fv2%2Fproduct_brand&post=1556"},{"taxonomy":"product_cat","embeddable":true,"href":"https:\/\/www.kfz-biermair.at\/index.php?rest_route=%2Fwp%2Fv2%2Fproduct_cat&post=1556"},{"taxonomy":"product_tag","embeddable":true,"href":"https:\/\/www.kfz-biermair.at\/index.php?rest_route=%2Fwp%2Fv2%2Fproduct_tag&post=1556"}],"curies":[{"name":"wp","href":"https:\/\/api.w.org\/{rel}","templated":true}]}}