












{"id":15774,"date":"2024-03-14T11:39:32","date_gmt":"2024-03-14T10:39:32","guid":{"rendered":"https:\/\/www.kfz-biermair.at\/?post_type=product&#038;p=15774"},"modified":"2024-03-14T11:39:32","modified_gmt":"2024-03-14T10:39:32","slug":"kotfluegel-rechts-vorne-peugeot-306","status":"publish","type":"product","link":"https:\/\/www.kfz-biermair.at\/?product=kotfluegel-rechts-vorne-peugeot-306","title":{"rendered":"Kotfl\u00fcgel rechts vorne &#8211; Peugeot 306"},"content":{"rendered":"","protected":false},"excerpt":{"rendered":"<p>Kotfl\u00fcgel rechts vorne f\u00fcr Peugeot 306<br \/>\nOriginalteil<br \/>\nZustand laut Bilder<br \/>\nGebrauchtteil<\/p>\n","protected":false},"featured_media":15775,"template":"","meta":[],"product_brand":[],"product_cat":[79],"product_tag":[],"class_list":{"0":"post-15774","1":"product","2":"type-product","3":"status-publish","4":"has-post-thumbnail","6":"product_cat-79","8":"first","9":"instock","10":"taxable","11":"shipping-taxable","12":"purchasable","13":"product-type-simple"},"_links":{"self":[{"href":"https:\/\/www.kfz-biermair.at\/index.php?rest_route=\/wp\/v2\/product\/15774","targetHints":{"allow":["GET"]}}],"collection":[{"href":"https:\/\/www.kfz-biermair.at\/index.php?rest_route=\/wp\/v2\/product"}],"about":[{"href":"https:\/\/www.kfz-biermair.at\/index.php?rest_route=\/wp\/v2\/types\/product"}],"wp:featuredmedia":[{"embeddable":true,"href":"https:\/\/www.kfz-biermair.at\/index.php?rest_route=\/wp\/v2\/media\/15775"}],"wp:attachment":[{"href":"https:\/\/www.kfz-biermair.at\/index.php?rest_route=%2Fwp%2Fv2%2Fmedia&parent=15774"}],"wp:term":[{"taxonomy":"product_brand","embeddable":true,"href":"https:\/\/www.kfz-biermair.at\/index.php?rest_route=%2Fwp%2Fv2%2Fproduct_brand&post=15774"},{"taxonomy":"product_cat","embeddable":true,"href":"https:\/\/www.kfz-biermair.at\/index.php?rest_route=%2Fwp%2Fv2%2Fproduct_cat&post=15774"},{"taxonomy":"product_tag","embeddable":true,"href":"https:\/\/www.kfz-biermair.at\/index.php?rest_route=%2Fwp%2Fv2%2Fproduct_tag&post=15774"}],"curies":[{"name":"wp","href":"https:\/\/api.w.org\/{rel}","templated":true}]}}