












{"id":17776,"date":"2024-03-28T11:37:28","date_gmt":"2024-03-28T10:37:28","guid":{"rendered":"https:\/\/www.kfz-biermair.at\/?post_type=product&#038;p=17776"},"modified":"2024-03-28T11:37:29","modified_gmt":"2024-03-28T10:37:29","slug":"tuer-rechts-vw-golf-iii-3-tuerer-2","status":"publish","type":"product","link":"https:\/\/www.kfz-biermair.at\/?product=tuer-rechts-vw-golf-iii-3-tuerer-2","title":{"rendered":"T\u00fcr rechts &#8211; VW Golf III 3-T\u00fcrer"},"content":{"rendered":"","protected":false},"excerpt":{"rendered":"<p>T\u00fcr rechts f\u00fcr VW Golf III 3-T\u00fcrer<br \/>\nRostfrei<br \/>\nZustand laut Bilder<br \/>\nGebrauchtteil<\/p>\n","protected":false},"featured_media":17777,"template":"","meta":[],"product_brand":[],"product_cat":[41],"product_tag":[],"class_list":{"0":"post-17776","1":"product","2":"type-product","3":"status-publish","4":"has-post-thumbnail","6":"product_cat-golf-iii","8":"first","9":"instock","10":"taxable","11":"shipping-taxable","12":"purchasable","13":"product-type-simple"},"_links":{"self":[{"href":"https:\/\/www.kfz-biermair.at\/index.php?rest_route=\/wp\/v2\/product\/17776","targetHints":{"allow":["GET"]}}],"collection":[{"href":"https:\/\/www.kfz-biermair.at\/index.php?rest_route=\/wp\/v2\/product"}],"about":[{"href":"https:\/\/www.kfz-biermair.at\/index.php?rest_route=\/wp\/v2\/types\/product"}],"wp:featuredmedia":[{"embeddable":true,"href":"https:\/\/www.kfz-biermair.at\/index.php?rest_route=\/wp\/v2\/media\/17777"}],"wp:attachment":[{"href":"https:\/\/www.kfz-biermair.at\/index.php?rest_route=%2Fwp%2Fv2%2Fmedia&parent=17776"}],"wp:term":[{"taxonomy":"product_brand","embeddable":true,"href":"https:\/\/www.kfz-biermair.at\/index.php?rest_route=%2Fwp%2Fv2%2Fproduct_brand&post=17776"},{"taxonomy":"product_cat","embeddable":true,"href":"https:\/\/www.kfz-biermair.at\/index.php?rest_route=%2Fwp%2Fv2%2Fproduct_cat&post=17776"},{"taxonomy":"product_tag","embeddable":true,"href":"https:\/\/www.kfz-biermair.at\/index.php?rest_route=%2Fwp%2Fv2%2Fproduct_tag&post=17776"}],"curies":[{"name":"wp","href":"https:\/\/api.w.org\/{rel}","templated":true}]}}