












{"id":1809,"date":"2021-11-16T17:10:31","date_gmt":"2021-11-16T16:10:31","guid":{"rendered":"https:\/\/www.kfz-biermair.at\/?post_type=product&#038;p=1809"},"modified":"2022-12-09T08:26:53","modified_gmt":"2022-12-09T07:26:53","slug":"diverse-seilzuege-und-tachowellen","status":"publish","type":"product","link":"https:\/\/www.kfz-biermair.at\/?product=diverse-seilzuege-und-tachowellen","title":{"rendered":"diverse Seilz\u00fcge &#8211; SW20"},"content":{"rendered":"","protected":false},"excerpt":{"rendered":"<p>diverse Seilz\u00fcge f\u00fcr Toyota MR2 SW20\u00a0<\/p>\n<p>Tachowellen zur Zeit aus !!<\/p>\n<p>Preis auf Anfrage<\/p>\n<p>Gebrauchtteile !!<\/p>\n<p>&nbsp;<\/p>\n","protected":false},"featured_media":1810,"template":"","meta":[],"product_brand":[],"product_cat":[47],"product_tag":[],"class_list":{"0":"post-1809","1":"product","2":"type-product","3":"status-publish","4":"has-post-thumbnail","6":"product_cat-mr2-sw20","8":"first","9":"instock","10":"taxable","11":"shipping-taxable","12":"product-type-simple"},"_links":{"self":[{"href":"https:\/\/www.kfz-biermair.at\/index.php?rest_route=\/wp\/v2\/product\/1809","targetHints":{"allow":["GET"]}}],"collection":[{"href":"https:\/\/www.kfz-biermair.at\/index.php?rest_route=\/wp\/v2\/product"}],"about":[{"href":"https:\/\/www.kfz-biermair.at\/index.php?rest_route=\/wp\/v2\/types\/product"}],"wp:featuredmedia":[{"embeddable":true,"href":"https:\/\/www.kfz-biermair.at\/index.php?rest_route=\/wp\/v2\/media\/1810"}],"wp:attachment":[{"href":"https:\/\/www.kfz-biermair.at\/index.php?rest_route=%2Fwp%2Fv2%2Fmedia&parent=1809"}],"wp:term":[{"taxonomy":"product_brand","embeddable":true,"href":"https:\/\/www.kfz-biermair.at\/index.php?rest_route=%2Fwp%2Fv2%2Fproduct_brand&post=1809"},{"taxonomy":"product_cat","embeddable":true,"href":"https:\/\/www.kfz-biermair.at\/index.php?rest_route=%2Fwp%2Fv2%2Fproduct_cat&post=1809"},{"taxonomy":"product_tag","embeddable":true,"href":"https:\/\/www.kfz-biermair.at\/index.php?rest_route=%2Fwp%2Fv2%2Fproduct_tag&post=1809"}],"curies":[{"name":"wp","href":"https:\/\/api.w.org\/{rel}","templated":true}]}}