












{"id":19221,"date":"2024-04-18T08:55:46","date_gmt":"2024-04-18T06:55:46","guid":{"rendered":"https:\/\/www.kfz-biermair.at\/?post_type=product&#038;p=19221"},"modified":"2024-04-18T08:55:46","modified_gmt":"2024-04-18T06:55:46","slug":"stossstangengitter-rechts-audi-a4-b8","status":"publish","type":"product","link":"https:\/\/www.kfz-biermair.at\/?product=stossstangengitter-rechts-audi-a4-b8","title":{"rendered":"Sto\u00dfstangengitter rechts &#8211; Audi A4 B8"},"content":{"rendered":"","protected":false},"excerpt":{"rendered":"<p>Sto\u00dfstangengitter rechts f\u00fcr Audi A4 B8<br \/>\n8Ko 807 681 A<br \/>\nGebrauchtteil<\/p>\n","protected":false},"featured_media":19222,"template":"","meta":[],"product_brand":[],"product_cat":[144],"product_tag":[],"class_list":{"0":"post-19221","1":"product","2":"type-product","3":"status-publish","4":"has-post-thumbnail","6":"product_cat-a4-b8","8":"first","9":"instock","10":"taxable","11":"shipping-taxable","12":"purchasable","13":"product-type-simple"},"_links":{"self":[{"href":"https:\/\/www.kfz-biermair.at\/index.php?rest_route=\/wp\/v2\/product\/19221","targetHints":{"allow":["GET"]}}],"collection":[{"href":"https:\/\/www.kfz-biermair.at\/index.php?rest_route=\/wp\/v2\/product"}],"about":[{"href":"https:\/\/www.kfz-biermair.at\/index.php?rest_route=\/wp\/v2\/types\/product"}],"wp:featuredmedia":[{"embeddable":true,"href":"https:\/\/www.kfz-biermair.at\/index.php?rest_route=\/wp\/v2\/media\/19222"}],"wp:attachment":[{"href":"https:\/\/www.kfz-biermair.at\/index.php?rest_route=%2Fwp%2Fv2%2Fmedia&parent=19221"}],"wp:term":[{"taxonomy":"product_brand","embeddable":true,"href":"https:\/\/www.kfz-biermair.at\/index.php?rest_route=%2Fwp%2Fv2%2Fproduct_brand&post=19221"},{"taxonomy":"product_cat","embeddable":true,"href":"https:\/\/www.kfz-biermair.at\/index.php?rest_route=%2Fwp%2Fv2%2Fproduct_cat&post=19221"},{"taxonomy":"product_tag","embeddable":true,"href":"https:\/\/www.kfz-biermair.at\/index.php?rest_route=%2Fwp%2Fv2%2Fproduct_tag&post=19221"}],"curies":[{"name":"wp","href":"https:\/\/api.w.org\/{rel}","templated":true}]}}