












{"id":1929,"date":"2021-11-17T13:17:32","date_gmt":"2021-11-17T12:17:32","guid":{"rendered":"https:\/\/www.kfz-biermair.at\/?post_type=product&#038;p=1929"},"modified":"2022-07-25T13:45:00","modified_gmt":"2022-07-25T11:45:00","slug":"lueftermotor-motorraum","status":"publish","type":"product","link":"https:\/\/www.kfz-biermair.at\/?product=lueftermotor-motorraum","title":{"rendered":"L\u00fcftermotor Motorraum -SW20"},"content":{"rendered":"","protected":false},"excerpt":{"rendered":"<p>L\u00fcftermotor Motorraum incl. Halterrahmen f\u00fcr Toyota MR2 SW20<\/p>\n<p>mit Korrosionssch\u00e4den &#8211; vorkonserviert<\/p>\n<p>Gebrauchtteil !!<\/p>\n<p>&nbsp;<\/p>\n","protected":false},"featured_media":1930,"template":"","meta":[],"product_brand":[],"product_cat":[47],"product_tag":[],"class_list":{"0":"post-1929","1":"product","2":"type-product","3":"status-publish","4":"has-post-thumbnail","6":"product_cat-mr2-sw20","8":"first","9":"instock","10":"taxable","11":"shipping-taxable","12":"purchasable","13":"product-type-simple"},"_links":{"self":[{"href":"https:\/\/www.kfz-biermair.at\/index.php?rest_route=\/wp\/v2\/product\/1929","targetHints":{"allow":["GET"]}}],"collection":[{"href":"https:\/\/www.kfz-biermair.at\/index.php?rest_route=\/wp\/v2\/product"}],"about":[{"href":"https:\/\/www.kfz-biermair.at\/index.php?rest_route=\/wp\/v2\/types\/product"}],"wp:featuredmedia":[{"embeddable":true,"href":"https:\/\/www.kfz-biermair.at\/index.php?rest_route=\/wp\/v2\/media\/1930"}],"wp:attachment":[{"href":"https:\/\/www.kfz-biermair.at\/index.php?rest_route=%2Fwp%2Fv2%2Fmedia&parent=1929"}],"wp:term":[{"taxonomy":"product_brand","embeddable":true,"href":"https:\/\/www.kfz-biermair.at\/index.php?rest_route=%2Fwp%2Fv2%2Fproduct_brand&post=1929"},{"taxonomy":"product_cat","embeddable":true,"href":"https:\/\/www.kfz-biermair.at\/index.php?rest_route=%2Fwp%2Fv2%2Fproduct_cat&post=1929"},{"taxonomy":"product_tag","embeddable":true,"href":"https:\/\/www.kfz-biermair.at\/index.php?rest_route=%2Fwp%2Fv2%2Fproduct_tag&post=1929"}],"curies":[{"name":"wp","href":"https:\/\/api.w.org\/{rel}","templated":true}]}}