












{"id":20386,"date":"2024-06-03T13:42:32","date_gmt":"2024-06-03T11:42:32","guid":{"rendered":"https:\/\/www.kfz-biermair.at\/?post_type=product&#038;p=20386"},"modified":"2024-06-03T14:17:27","modified_gmt":"2024-06-03T12:17:27","slug":"tuerscheibe-li-vw-lupo-seat-arosa-3-tuerer","status":"publish","type":"product","link":"https:\/\/www.kfz-biermair.at\/?product=tuerscheibe-li-vw-lupo-seat-arosa-3-tuerer","title":{"rendered":"T\u00fcrscheibe li. &#8211; VW Lupo\/Seat Arosa 3-T\u00fcrer"},"content":{"rendered":"","protected":false},"excerpt":{"rendered":"<p>T\u00fcrscheibe li. f\u00fcr VW Lupo und Seat Arosa 3-T\u00fcrer<br \/>\nGebrauchtteil<\/p>\n","protected":false},"featured_media":20425,"template":"","meta":[],"product_brand":[],"product_cat":[33,161],"product_tag":[],"class_list":{"0":"post-20386","1":"product","2":"type-product","3":"status-publish","4":"has-post-thumbnail","6":"product_cat-lupo","7":"product_cat-sonstige-alhambra","9":"first","10":"instock","11":"taxable","12":"shipping-taxable","13":"purchasable","14":"product-type-simple"},"_links":{"self":[{"href":"https:\/\/www.kfz-biermair.at\/index.php?rest_route=\/wp\/v2\/product\/20386","targetHints":{"allow":["GET"]}}],"collection":[{"href":"https:\/\/www.kfz-biermair.at\/index.php?rest_route=\/wp\/v2\/product"}],"about":[{"href":"https:\/\/www.kfz-biermair.at\/index.php?rest_route=\/wp\/v2\/types\/product"}],"wp:featuredmedia":[{"embeddable":true,"href":"https:\/\/www.kfz-biermair.at\/index.php?rest_route=\/wp\/v2\/media\/20425"}],"wp:attachment":[{"href":"https:\/\/www.kfz-biermair.at\/index.php?rest_route=%2Fwp%2Fv2%2Fmedia&parent=20386"}],"wp:term":[{"taxonomy":"product_brand","embeddable":true,"href":"https:\/\/www.kfz-biermair.at\/index.php?rest_route=%2Fwp%2Fv2%2Fproduct_brand&post=20386"},{"taxonomy":"product_cat","embeddable":true,"href":"https:\/\/www.kfz-biermair.at\/index.php?rest_route=%2Fwp%2Fv2%2Fproduct_cat&post=20386"},{"taxonomy":"product_tag","embeddable":true,"href":"https:\/\/www.kfz-biermair.at\/index.php?rest_route=%2Fwp%2Fv2%2Fproduct_tag&post=20386"}],"curies":[{"name":"wp","href":"https:\/\/api.w.org\/{rel}","templated":true}]}}