












{"id":20411,"date":"2024-06-03T14:08:02","date_gmt":"2024-06-03T12:08:02","guid":{"rendered":"https:\/\/www.kfz-biermair.at\/?post_type=product&#038;p=20411"},"modified":"2024-06-03T14:35:27","modified_gmt":"2024-06-03T12:35:27","slug":"tuerscheibe-li-vo-seat-cordoba-6k","status":"publish","type":"product","link":"https:\/\/www.kfz-biermair.at\/?product=tuerscheibe-li-vo-seat-cordoba-6k","title":{"rendered":"T\u00fcrscheibe li. vo. &#8211; Seat Cordoba 6K"},"content":{"rendered":"","protected":false},"excerpt":{"rendered":"<p>T\u00fcrscheibe li. vo. f\u00fcr Seat Cordoba 6K<br \/>\nGebrauchtteil<\/p>\n","protected":false},"featured_media":20444,"template":"","meta":[],"product_brand":[],"product_cat":[66],"product_tag":[],"class_list":{"0":"post-20411","1":"product","2":"type-product","3":"status-publish","4":"has-post-thumbnail","6":"product_cat-cordoba","8":"first","9":"instock","10":"taxable","11":"shipping-taxable","12":"purchasable","13":"product-type-simple"},"_links":{"self":[{"href":"https:\/\/www.kfz-biermair.at\/index.php?rest_route=\/wp\/v2\/product\/20411","targetHints":{"allow":["GET"]}}],"collection":[{"href":"https:\/\/www.kfz-biermair.at\/index.php?rest_route=\/wp\/v2\/product"}],"about":[{"href":"https:\/\/www.kfz-biermair.at\/index.php?rest_route=\/wp\/v2\/types\/product"}],"wp:featuredmedia":[{"embeddable":true,"href":"https:\/\/www.kfz-biermair.at\/index.php?rest_route=\/wp\/v2\/media\/20444"}],"wp:attachment":[{"href":"https:\/\/www.kfz-biermair.at\/index.php?rest_route=%2Fwp%2Fv2%2Fmedia&parent=20411"}],"wp:term":[{"taxonomy":"product_brand","embeddable":true,"href":"https:\/\/www.kfz-biermair.at\/index.php?rest_route=%2Fwp%2Fv2%2Fproduct_brand&post=20411"},{"taxonomy":"product_cat","embeddable":true,"href":"https:\/\/www.kfz-biermair.at\/index.php?rest_route=%2Fwp%2Fv2%2Fproduct_cat&post=20411"},{"taxonomy":"product_tag","embeddable":true,"href":"https:\/\/www.kfz-biermair.at\/index.php?rest_route=%2Fwp%2Fv2%2Fproduct_tag&post=20411"}],"curies":[{"name":"wp","href":"https:\/\/api.w.org\/{rel}","templated":true}]}}