












{"id":20468,"date":"2024-06-03T14:48:23","date_gmt":"2024-06-03T12:48:23","guid":{"rendered":"https:\/\/www.kfz-biermair.at\/?post_type=product&#038;p=20468"},"modified":"2024-06-03T14:48:23","modified_gmt":"2024-06-03T12:48:23","slug":"tuerscheibe-re-hi-ford-focus-1-kombi","status":"publish","type":"product","link":"https:\/\/www.kfz-biermair.at\/?product=tuerscheibe-re-hi-ford-focus-1-kombi","title":{"rendered":"T\u00fcrscheibe re. hi. &#8211; Ford Focus 1 Kombi"},"content":{"rendered":"","protected":false},"excerpt":{"rendered":"<p>T\u00fcrscheibe re. hi. f\u00fcr Ford Focus 1 Kombi<br \/>\nGebrauchtteil<\/p>\n","protected":false},"featured_media":20469,"template":"","meta":[],"product_brand":[],"product_cat":[123],"product_tag":[],"class_list":{"0":"post-20468","1":"product","2":"type-product","3":"status-publish","4":"has-post-thumbnail","6":"product_cat-focus","8":"first","9":"instock","10":"taxable","11":"shipping-taxable","12":"purchasable","13":"product-type-simple"},"_links":{"self":[{"href":"https:\/\/www.kfz-biermair.at\/index.php?rest_route=\/wp\/v2\/product\/20468","targetHints":{"allow":["GET"]}}],"collection":[{"href":"https:\/\/www.kfz-biermair.at\/index.php?rest_route=\/wp\/v2\/product"}],"about":[{"href":"https:\/\/www.kfz-biermair.at\/index.php?rest_route=\/wp\/v2\/types\/product"}],"wp:featuredmedia":[{"embeddable":true,"href":"https:\/\/www.kfz-biermair.at\/index.php?rest_route=\/wp\/v2\/media\/20469"}],"wp:attachment":[{"href":"https:\/\/www.kfz-biermair.at\/index.php?rest_route=%2Fwp%2Fv2%2Fmedia&parent=20468"}],"wp:term":[{"taxonomy":"product_brand","embeddable":true,"href":"https:\/\/www.kfz-biermair.at\/index.php?rest_route=%2Fwp%2Fv2%2Fproduct_brand&post=20468"},{"taxonomy":"product_cat","embeddable":true,"href":"https:\/\/www.kfz-biermair.at\/index.php?rest_route=%2Fwp%2Fv2%2Fproduct_cat&post=20468"},{"taxonomy":"product_tag","embeddable":true,"href":"https:\/\/www.kfz-biermair.at\/index.php?rest_route=%2Fwp%2Fv2%2Fproduct_tag&post=20468"}],"curies":[{"name":"wp","href":"https:\/\/api.w.org\/{rel}","templated":true}]}}