












{"id":20560,"date":"2024-06-13T10:39:03","date_gmt":"2024-06-13T08:39:03","guid":{"rendered":"https:\/\/www.kfz-biermair.at\/?post_type=product&#038;p=20560"},"modified":"2024-06-13T10:39:04","modified_gmt":"2024-06-13T08:39:04","slug":"seitenscheibe-re-vo-peugeot-307-3-tuerer","status":"publish","type":"product","link":"https:\/\/www.kfz-biermair.at\/?product=seitenscheibe-re-vo-peugeot-307-3-tuerer","title":{"rendered":"Seitenscheibe re. vo. &#8211; Peugeot 307 3-T\u00fcrer"},"content":{"rendered":"","protected":false},"excerpt":{"rendered":"<p>Seitenscheibe re. vo. f\u00fcr Peugeot 307 3-T\u00fcrer<br \/>\nGebrauchtteil<\/p>\n","protected":false},"featured_media":20561,"template":"","meta":[],"product_brand":[],"product_cat":[199],"product_tag":[],"class_list":{"0":"post-20560","1":"product","2":"type-product","3":"status-publish","4":"has-post-thumbnail","6":"product_cat-199","8":"first","9":"instock","10":"taxable","11":"shipping-taxable","12":"purchasable","13":"product-type-simple"},"_links":{"self":[{"href":"https:\/\/www.kfz-biermair.at\/index.php?rest_route=\/wp\/v2\/product\/20560","targetHints":{"allow":["GET"]}}],"collection":[{"href":"https:\/\/www.kfz-biermair.at\/index.php?rest_route=\/wp\/v2\/product"}],"about":[{"href":"https:\/\/www.kfz-biermair.at\/index.php?rest_route=\/wp\/v2\/types\/product"}],"wp:featuredmedia":[{"embeddable":true,"href":"https:\/\/www.kfz-biermair.at\/index.php?rest_route=\/wp\/v2\/media\/20561"}],"wp:attachment":[{"href":"https:\/\/www.kfz-biermair.at\/index.php?rest_route=%2Fwp%2Fv2%2Fmedia&parent=20560"}],"wp:term":[{"taxonomy":"product_brand","embeddable":true,"href":"https:\/\/www.kfz-biermair.at\/index.php?rest_route=%2Fwp%2Fv2%2Fproduct_brand&post=20560"},{"taxonomy":"product_cat","embeddable":true,"href":"https:\/\/www.kfz-biermair.at\/index.php?rest_route=%2Fwp%2Fv2%2Fproduct_cat&post=20560"},{"taxonomy":"product_tag","embeddable":true,"href":"https:\/\/www.kfz-biermair.at\/index.php?rest_route=%2Fwp%2Fv2%2Fproduct_tag&post=20560"}],"curies":[{"name":"wp","href":"https:\/\/api.w.org\/{rel}","templated":true}]}}