












{"id":20644,"date":"2024-06-13T11:58:05","date_gmt":"2024-06-13T09:58:05","guid":{"rendered":"https:\/\/www.kfz-biermair.at\/?post_type=product&#038;p=20644"},"modified":"2024-06-13T11:58:05","modified_gmt":"2024-06-13T09:58:05","slug":"hintere-tuerscheibe-li-hi-vw-golf-iii","status":"publish","type":"product","link":"https:\/\/www.kfz-biermair.at\/?product=hintere-tuerscheibe-li-hi-vw-golf-iii","title":{"rendered":"hintere T\u00fcrscheibe li. hi. &#8211; VW Golf III"},"content":{"rendered":"","protected":false},"excerpt":{"rendered":"<p>hintere T\u00fcrscheibe li. hi. f\u00fcr VW Golf III<br \/>\nGebrauchtteil<\/p>\n","protected":false},"featured_media":20645,"template":"","meta":[],"product_brand":[],"product_cat":[41],"product_tag":[],"class_list":{"0":"post-20644","1":"product","2":"type-product","3":"status-publish","4":"has-post-thumbnail","6":"product_cat-golf-iii","8":"first","9":"instock","10":"taxable","11":"shipping-taxable","12":"purchasable","13":"product-type-simple"},"_links":{"self":[{"href":"https:\/\/www.kfz-biermair.at\/index.php?rest_route=\/wp\/v2\/product\/20644","targetHints":{"allow":["GET"]}}],"collection":[{"href":"https:\/\/www.kfz-biermair.at\/index.php?rest_route=\/wp\/v2\/product"}],"about":[{"href":"https:\/\/www.kfz-biermair.at\/index.php?rest_route=\/wp\/v2\/types\/product"}],"wp:featuredmedia":[{"embeddable":true,"href":"https:\/\/www.kfz-biermair.at\/index.php?rest_route=\/wp\/v2\/media\/20645"}],"wp:attachment":[{"href":"https:\/\/www.kfz-biermair.at\/index.php?rest_route=%2Fwp%2Fv2%2Fmedia&parent=20644"}],"wp:term":[{"taxonomy":"product_brand","embeddable":true,"href":"https:\/\/www.kfz-biermair.at\/index.php?rest_route=%2Fwp%2Fv2%2Fproduct_brand&post=20644"},{"taxonomy":"product_cat","embeddable":true,"href":"https:\/\/www.kfz-biermair.at\/index.php?rest_route=%2Fwp%2Fv2%2Fproduct_cat&post=20644"},{"taxonomy":"product_tag","embeddable":true,"href":"https:\/\/www.kfz-biermair.at\/index.php?rest_route=%2Fwp%2Fv2%2Fproduct_tag&post=20644"}],"curies":[{"name":"wp","href":"https:\/\/api.w.org\/{rel}","templated":true}]}}