












{"id":20653,"date":"2024-06-13T12:59:03","date_gmt":"2024-06-13T10:59:03","guid":{"rendered":"https:\/\/www.kfz-biermair.at\/?post_type=product&#038;p=20653"},"modified":"2024-06-13T12:59:04","modified_gmt":"2024-06-13T10:59:04","slug":"hintere-tuerscheibe-re-hi-vw-golf-iii-5-tuerer","status":"publish","type":"product","link":"https:\/\/www.kfz-biermair.at\/?product=hintere-tuerscheibe-re-hi-vw-golf-iii-5-tuerer","title":{"rendered":"hintere T\u00fcrscheibe re. hi. &#8211; VW Golf III 5-T\u00fcrer"},"content":{"rendered":"","protected":false},"excerpt":{"rendered":"<p>hintere T\u00fcrscheibe re. hi. f\u00fcr VW Golf III 5-T\u00fcrer<br \/>\nGebrauchtteil<\/p>\n","protected":false},"featured_media":20654,"template":"","meta":[],"product_brand":[],"product_cat":[41],"product_tag":[],"class_list":{"0":"post-20653","1":"product","2":"type-product","3":"status-publish","4":"has-post-thumbnail","6":"product_cat-golf-iii","8":"first","9":"instock","10":"taxable","11":"shipping-taxable","12":"purchasable","13":"product-type-simple"},"_links":{"self":[{"href":"https:\/\/www.kfz-biermair.at\/index.php?rest_route=\/wp\/v2\/product\/20653","targetHints":{"allow":["GET"]}}],"collection":[{"href":"https:\/\/www.kfz-biermair.at\/index.php?rest_route=\/wp\/v2\/product"}],"about":[{"href":"https:\/\/www.kfz-biermair.at\/index.php?rest_route=\/wp\/v2\/types\/product"}],"wp:featuredmedia":[{"embeddable":true,"href":"https:\/\/www.kfz-biermair.at\/index.php?rest_route=\/wp\/v2\/media\/20654"}],"wp:attachment":[{"href":"https:\/\/www.kfz-biermair.at\/index.php?rest_route=%2Fwp%2Fv2%2Fmedia&parent=20653"}],"wp:term":[{"taxonomy":"product_brand","embeddable":true,"href":"https:\/\/www.kfz-biermair.at\/index.php?rest_route=%2Fwp%2Fv2%2Fproduct_brand&post=20653"},{"taxonomy":"product_cat","embeddable":true,"href":"https:\/\/www.kfz-biermair.at\/index.php?rest_route=%2Fwp%2Fv2%2Fproduct_cat&post=20653"},{"taxonomy":"product_tag","embeddable":true,"href":"https:\/\/www.kfz-biermair.at\/index.php?rest_route=%2Fwp%2Fv2%2Fproduct_tag&post=20653"}],"curies":[{"name":"wp","href":"https:\/\/api.w.org\/{rel}","templated":true}]}}