












{"id":20978,"date":"2024-06-27T16:45:46","date_gmt":"2024-06-27T14:45:46","guid":{"rendered":"https:\/\/www.kfz-biermair.at\/?post_type=product&#038;p=20978"},"modified":"2024-06-27T16:45:47","modified_gmt":"2024-06-27T14:45:47","slug":"quertraeger-motortraeger-vw-golf-iii","status":"publish","type":"product","link":"https:\/\/www.kfz-biermair.at\/?product=quertraeger-motortraeger-vw-golf-iii","title":{"rendered":"Quertr\u00e4ger\/Motortr\u00e4ger &#8211; VW Golf III"},"content":{"rendered":"","protected":false},"excerpt":{"rendered":"<p>Quertr\u00e4ger\/Motortr\u00e4ger f\u00fcr VW Golf III<br \/>\n1H0 166 200 M<br \/>\n6K0 199 200A<br \/>\nBilder k\u00f6nnen evtl. vom tats\u00e4chlichen Zustand abweichen, da das Ersatzteil \u00f6fters vorhanden ist.<br \/>\nGebrauchtteil<\/p>\n","protected":false},"featured_media":20979,"template":"","meta":[],"product_brand":[],"product_cat":[41],"product_tag":[],"class_list":{"0":"post-20978","1":"product","2":"type-product","3":"status-publish","4":"has-post-thumbnail","6":"product_cat-golf-iii","8":"first","9":"instock","10":"taxable","11":"shipping-taxable","12":"purchasable","13":"product-type-simple"},"_links":{"self":[{"href":"https:\/\/www.kfz-biermair.at\/index.php?rest_route=\/wp\/v2\/product\/20978","targetHints":{"allow":["GET"]}}],"collection":[{"href":"https:\/\/www.kfz-biermair.at\/index.php?rest_route=\/wp\/v2\/product"}],"about":[{"href":"https:\/\/www.kfz-biermair.at\/index.php?rest_route=\/wp\/v2\/types\/product"}],"wp:featuredmedia":[{"embeddable":true,"href":"https:\/\/www.kfz-biermair.at\/index.php?rest_route=\/wp\/v2\/media\/20979"}],"wp:attachment":[{"href":"https:\/\/www.kfz-biermair.at\/index.php?rest_route=%2Fwp%2Fv2%2Fmedia&parent=20978"}],"wp:term":[{"taxonomy":"product_brand","embeddable":true,"href":"https:\/\/www.kfz-biermair.at\/index.php?rest_route=%2Fwp%2Fv2%2Fproduct_brand&post=20978"},{"taxonomy":"product_cat","embeddable":true,"href":"https:\/\/www.kfz-biermair.at\/index.php?rest_route=%2Fwp%2Fv2%2Fproduct_cat&post=20978"},{"taxonomy":"product_tag","embeddable":true,"href":"https:\/\/www.kfz-biermair.at\/index.php?rest_route=%2Fwp%2Fv2%2Fproduct_tag&post=20978"}],"curies":[{"name":"wp","href":"https:\/\/api.w.org\/{rel}","templated":true}]}}