












{"id":2192,"date":"2022-01-11T15:46:56","date_gmt":"2022-01-11T14:46:56","guid":{"rendered":"https:\/\/www.kfz-biermair.at\/?post_type=product&#038;p=2192"},"modified":"2022-04-12T08:12:39","modified_gmt":"2022-04-12T06:12:39","slug":"tankeinfuellrohr-mr2-aw11","status":"publish","type":"product","link":"https:\/\/www.kfz-biermair.at\/?product=tankeinfuellrohr-mr2-aw11","title":{"rendered":"Tankeinf\u00fcllrohr &#8211; MR2 AW11"},"content":{"rendered":"","protected":false},"excerpt":{"rendered":"<p>Tankeinf\u00fcllrohr f\u00fcr Toyota MR2 AW11<\/p>\n<p>geringe Korrosion<\/p>\n<p>Gebrauchtteil !!<\/p>\n<p>&nbsp;<\/p>\n","protected":false},"featured_media":2194,"template":"","meta":[],"product_brand":[],"product_cat":[168],"product_tag":[],"class_list":{"0":"post-2192","1":"product","2":"type-product","3":"status-publish","4":"has-post-thumbnail","6":"product_cat-mr2-aw11","8":"first","9":"instock","10":"taxable","11":"shipping-taxable","12":"purchasable","13":"product-type-simple"},"_links":{"self":[{"href":"https:\/\/www.kfz-biermair.at\/index.php?rest_route=\/wp\/v2\/product\/2192","targetHints":{"allow":["GET"]}}],"collection":[{"href":"https:\/\/www.kfz-biermair.at\/index.php?rest_route=\/wp\/v2\/product"}],"about":[{"href":"https:\/\/www.kfz-biermair.at\/index.php?rest_route=\/wp\/v2\/types\/product"}],"wp:featuredmedia":[{"embeddable":true,"href":"https:\/\/www.kfz-biermair.at\/index.php?rest_route=\/wp\/v2\/media\/2194"}],"wp:attachment":[{"href":"https:\/\/www.kfz-biermair.at\/index.php?rest_route=%2Fwp%2Fv2%2Fmedia&parent=2192"}],"wp:term":[{"taxonomy":"product_brand","embeddable":true,"href":"https:\/\/www.kfz-biermair.at\/index.php?rest_route=%2Fwp%2Fv2%2Fproduct_brand&post=2192"},{"taxonomy":"product_cat","embeddable":true,"href":"https:\/\/www.kfz-biermair.at\/index.php?rest_route=%2Fwp%2Fv2%2Fproduct_cat&post=2192"},{"taxonomy":"product_tag","embeddable":true,"href":"https:\/\/www.kfz-biermair.at\/index.php?rest_route=%2Fwp%2Fv2%2Fproduct_tag&post=2192"}],"curies":[{"name":"wp","href":"https:\/\/api.w.org\/{rel}","templated":true}]}}