












{"id":21937,"date":"2024-09-05T09:13:46","date_gmt":"2024-09-05T07:13:46","guid":{"rendered":"https:\/\/www.kfz-biermair.at\/?post_type=product&#038;p=21937"},"modified":"2024-09-05T09:13:46","modified_gmt":"2024-09-05T07:13:46","slug":"motorsteuergeraet-opel-corsa-c","status":"publish","type":"product","link":"https:\/\/www.kfz-biermair.at\/?product=motorsteuergeraet-opel-corsa-c","title":{"rendered":"Motorsteuerger\u00e4t &#8211; Opel Corsa C"},"content":{"rendered":"","protected":false},"excerpt":{"rendered":"<p>Motorsteuerger\u00e4t f\u00fcr Opel Corsa C<br \/>\n0261206074<br \/>\nGebrauchtteil<\/p>\n","protected":false},"featured_media":21938,"template":"","meta":[],"product_brand":[],"product_cat":[87],"product_tag":[],"class_list":{"0":"post-21937","1":"product","2":"type-product","3":"status-publish","4":"has-post-thumbnail","6":"product_cat-corsa","8":"first","9":"instock","10":"taxable","11":"shipping-taxable","12":"purchasable","13":"product-type-simple"},"_links":{"self":[{"href":"https:\/\/www.kfz-biermair.at\/index.php?rest_route=\/wp\/v2\/product\/21937","targetHints":{"allow":["GET"]}}],"collection":[{"href":"https:\/\/www.kfz-biermair.at\/index.php?rest_route=\/wp\/v2\/product"}],"about":[{"href":"https:\/\/www.kfz-biermair.at\/index.php?rest_route=\/wp\/v2\/types\/product"}],"wp:featuredmedia":[{"embeddable":true,"href":"https:\/\/www.kfz-biermair.at\/index.php?rest_route=\/wp\/v2\/media\/21938"}],"wp:attachment":[{"href":"https:\/\/www.kfz-biermair.at\/index.php?rest_route=%2Fwp%2Fv2%2Fmedia&parent=21937"}],"wp:term":[{"taxonomy":"product_brand","embeddable":true,"href":"https:\/\/www.kfz-biermair.at\/index.php?rest_route=%2Fwp%2Fv2%2Fproduct_brand&post=21937"},{"taxonomy":"product_cat","embeddable":true,"href":"https:\/\/www.kfz-biermair.at\/index.php?rest_route=%2Fwp%2Fv2%2Fproduct_cat&post=21937"},{"taxonomy":"product_tag","embeddable":true,"href":"https:\/\/www.kfz-biermair.at\/index.php?rest_route=%2Fwp%2Fv2%2Fproduct_tag&post=21937"}],"curies":[{"name":"wp","href":"https:\/\/api.w.org\/{rel}","templated":true}]}}