












{"id":21940,"date":"2024-09-05T09:15:31","date_gmt":"2024-09-05T07:15:31","guid":{"rendered":"https:\/\/www.kfz-biermair.at\/?post_type=product&#038;p=21940"},"modified":"2024-09-05T09:15:31","modified_gmt":"2024-09-05T07:15:31","slug":"motorsteuergeraet-opel-meriva-a","status":"publish","type":"product","link":"https:\/\/www.kfz-biermair.at\/?product=motorsteuergeraet-opel-meriva-a","title":{"rendered":"Motorsteuerger\u00e4t &#8211; Opel Meriva A"},"content":{"rendered":"","protected":false},"excerpt":{"rendered":"<p>Motorsteuerger\u00e4t f\u00fcr Opel Meriva A<br \/>\n8973509488<br \/>\nZ17DTH<br \/>\nGebrauchtteil<\/p>\n","protected":false},"featured_media":21941,"template":"","meta":[],"product_brand":[],"product_cat":[85],"product_tag":[],"class_list":{"0":"post-21940","1":"product","2":"type-product","3":"status-publish","4":"has-post-thumbnail","6":"product_cat-meriva","8":"first","9":"instock","10":"taxable","11":"shipping-taxable","12":"purchasable","13":"product-type-simple"},"_links":{"self":[{"href":"https:\/\/www.kfz-biermair.at\/index.php?rest_route=\/wp\/v2\/product\/21940","targetHints":{"allow":["GET"]}}],"collection":[{"href":"https:\/\/www.kfz-biermair.at\/index.php?rest_route=\/wp\/v2\/product"}],"about":[{"href":"https:\/\/www.kfz-biermair.at\/index.php?rest_route=\/wp\/v2\/types\/product"}],"wp:featuredmedia":[{"embeddable":true,"href":"https:\/\/www.kfz-biermair.at\/index.php?rest_route=\/wp\/v2\/media\/21941"}],"wp:attachment":[{"href":"https:\/\/www.kfz-biermair.at\/index.php?rest_route=%2Fwp%2Fv2%2Fmedia&parent=21940"}],"wp:term":[{"taxonomy":"product_brand","embeddable":true,"href":"https:\/\/www.kfz-biermair.at\/index.php?rest_route=%2Fwp%2Fv2%2Fproduct_brand&post=21940"},{"taxonomy":"product_cat","embeddable":true,"href":"https:\/\/www.kfz-biermair.at\/index.php?rest_route=%2Fwp%2Fv2%2Fproduct_cat&post=21940"},{"taxonomy":"product_tag","embeddable":true,"href":"https:\/\/www.kfz-biermair.at\/index.php?rest_route=%2Fwp%2Fv2%2Fproduct_tag&post=21940"}],"curies":[{"name":"wp","href":"https:\/\/api.w.org\/{rel}","templated":true}]}}