












{"id":21991,"date":"2024-09-19T10:32:33","date_gmt":"2024-09-19T08:32:33","guid":{"rendered":"https:\/\/www.kfz-biermair.at\/?post_type=product&#038;p=21991"},"modified":"2024-09-19T10:32:33","modified_gmt":"2024-09-19T08:32:33","slug":"stossfaenger-hinten-mit-pdc-audi-a6-4g-kombi","status":"publish","type":"product","link":"https:\/\/www.kfz-biermair.at\/?product=stossfaenger-hinten-mit-pdc-audi-a6-4g-kombi","title":{"rendered":"Sto\u00dff\u00e4nger hinten mit PDC &#8211; Audi A6 4G Kombi"},"content":{"rendered":"","protected":false},"excerpt":{"rendered":"<p>Sto\u00dff\u00e4nger hinten f\u00fcr Audi A6 4G Kombi<br \/>\nmit PDC inkl. Diffusor<br \/>\n4G9 807 511P<br \/>\n4G0 807 521A<br \/>\ngeringe Kratzer und Druckstellen lt. Bilder<br \/>\nGebrauchtteil<\/p>\n","protected":false},"featured_media":21992,"template":"","meta":[],"product_brand":[],"product_cat":[150],"product_tag":[],"class_list":{"0":"post-21991","1":"product","2":"type-product","3":"status-publish","4":"has-post-thumbnail","6":"product_cat-sonstige-audi","8":"first","9":"instock","10":"taxable","11":"shipping-taxable","12":"purchasable","13":"product-type-simple"},"_links":{"self":[{"href":"https:\/\/www.kfz-biermair.at\/index.php?rest_route=\/wp\/v2\/product\/21991","targetHints":{"allow":["GET"]}}],"collection":[{"href":"https:\/\/www.kfz-biermair.at\/index.php?rest_route=\/wp\/v2\/product"}],"about":[{"href":"https:\/\/www.kfz-biermair.at\/index.php?rest_route=\/wp\/v2\/types\/product"}],"wp:featuredmedia":[{"embeddable":true,"href":"https:\/\/www.kfz-biermair.at\/index.php?rest_route=\/wp\/v2\/media\/21992"}],"wp:attachment":[{"href":"https:\/\/www.kfz-biermair.at\/index.php?rest_route=%2Fwp%2Fv2%2Fmedia&parent=21991"}],"wp:term":[{"taxonomy":"product_brand","embeddable":true,"href":"https:\/\/www.kfz-biermair.at\/index.php?rest_route=%2Fwp%2Fv2%2Fproduct_brand&post=21991"},{"taxonomy":"product_cat","embeddable":true,"href":"https:\/\/www.kfz-biermair.at\/index.php?rest_route=%2Fwp%2Fv2%2Fproduct_cat&post=21991"},{"taxonomy":"product_tag","embeddable":true,"href":"https:\/\/www.kfz-biermair.at\/index.php?rest_route=%2Fwp%2Fv2%2Fproduct_tag&post=21991"}],"curies":[{"name":"wp","href":"https:\/\/api.w.org\/{rel}","templated":true}]}}