












{"id":22043,"date":"2024-09-19T10:54:22","date_gmt":"2024-09-19T08:54:22","guid":{"rendered":"https:\/\/www.kfz-biermair.at\/?post_type=product&#038;p=22043"},"modified":"2024-09-19T10:54:22","modified_gmt":"2024-09-19T08:54:22","slug":"stossfaenger-vorne-neu-ford-puma","status":"publish","type":"product","link":"https:\/\/www.kfz-biermair.at\/?product=stossfaenger-vorne-neu-ford-puma","title":{"rendered":"Sto\u00dff\u00e4nger vorne neu &#8211; Ford Puma"},"content":{"rendered":"","protected":false},"excerpt":{"rendered":"<p>Sto\u00dff\u00e4nger vorne neu f\u00fcr Ford Puma ab Baujahr 2020<br \/>\nOriginalteil<br \/>\nL1TB-17757-A<br \/>\nNeuteil<\/p>\n","protected":false},"featured_media":22044,"template":"","meta":[],"product_brand":[],"product_cat":[124],"product_tag":[],"class_list":{"0":"post-22043","1":"product","2":"type-product","3":"status-publish","4":"has-post-thumbnail","6":"product_cat-sonstige-ford","8":"first","9":"instock","10":"taxable","11":"shipping-taxable","12":"purchasable","13":"product-type-simple"},"_links":{"self":[{"href":"https:\/\/www.kfz-biermair.at\/index.php?rest_route=\/wp\/v2\/product\/22043","targetHints":{"allow":["GET"]}}],"collection":[{"href":"https:\/\/www.kfz-biermair.at\/index.php?rest_route=\/wp\/v2\/product"}],"about":[{"href":"https:\/\/www.kfz-biermair.at\/index.php?rest_route=\/wp\/v2\/types\/product"}],"wp:featuredmedia":[{"embeddable":true,"href":"https:\/\/www.kfz-biermair.at\/index.php?rest_route=\/wp\/v2\/media\/22044"}],"wp:attachment":[{"href":"https:\/\/www.kfz-biermair.at\/index.php?rest_route=%2Fwp%2Fv2%2Fmedia&parent=22043"}],"wp:term":[{"taxonomy":"product_brand","embeddable":true,"href":"https:\/\/www.kfz-biermair.at\/index.php?rest_route=%2Fwp%2Fv2%2Fproduct_brand&post=22043"},{"taxonomy":"product_cat","embeddable":true,"href":"https:\/\/www.kfz-biermair.at\/index.php?rest_route=%2Fwp%2Fv2%2Fproduct_cat&post=22043"},{"taxonomy":"product_tag","embeddable":true,"href":"https:\/\/www.kfz-biermair.at\/index.php?rest_route=%2Fwp%2Fv2%2Fproduct_tag&post=22043"}],"curies":[{"name":"wp","href":"https:\/\/api.w.org\/{rel}","templated":true}]}}