












{"id":23051,"date":"2024-11-28T15:39:17","date_gmt":"2024-11-28T14:39:17","guid":{"rendered":"https:\/\/www.kfz-biermair.at\/?post_type=product&#038;p=23051"},"modified":"2024-11-28T15:42:10","modified_gmt":"2024-11-28T14:42:10","slug":"kuehlmittelausgleichsbehaelter-vw-golf-v-vi-touran-audi-a3-8p","status":"publish","type":"product","link":"https:\/\/www.kfz-biermair.at\/?product=kuehlmittelausgleichsbehaelter-vw-golf-v-vi-touran-audi-a3-8p","title":{"rendered":"K\u00fchlmittelausgleichsbeh\u00e4lter &#8211; VW Golf V, VI, Touran, Audi A3 8P"},"content":{"rendered":"","protected":false},"excerpt":{"rendered":"<p>K\u00fchlmittelausgleichsbeh\u00e4lter f\u00fcr VW Golf V, VI, Touran, Audi A3 8P<br \/>\nBLS<br \/>\n1K0 121 407 A<br \/>\nGebrauchtteil<\/p>\n","protected":false},"featured_media":23052,"template":"","meta":[],"product_brand":[],"product_cat":[158,39,38,25],"product_tag":[],"class_list":{"0":"post-23051","1":"product","2":"type-product","3":"status-publish","4":"has-post-thumbnail","6":"product_cat-a3","7":"product_cat-golf-v","8":"product_cat-golf-vi","9":"product_cat-touran","11":"first","12":"instock","13":"taxable","14":"shipping-taxable","15":"purchasable","16":"product-type-simple"},"_links":{"self":[{"href":"https:\/\/www.kfz-biermair.at\/index.php?rest_route=\/wp\/v2\/product\/23051","targetHints":{"allow":["GET"]}}],"collection":[{"href":"https:\/\/www.kfz-biermair.at\/index.php?rest_route=\/wp\/v2\/product"}],"about":[{"href":"https:\/\/www.kfz-biermair.at\/index.php?rest_route=\/wp\/v2\/types\/product"}],"wp:featuredmedia":[{"embeddable":true,"href":"https:\/\/www.kfz-biermair.at\/index.php?rest_route=\/wp\/v2\/media\/23052"}],"wp:attachment":[{"href":"https:\/\/www.kfz-biermair.at\/index.php?rest_route=%2Fwp%2Fv2%2Fmedia&parent=23051"}],"wp:term":[{"taxonomy":"product_brand","embeddable":true,"href":"https:\/\/www.kfz-biermair.at\/index.php?rest_route=%2Fwp%2Fv2%2Fproduct_brand&post=23051"},{"taxonomy":"product_cat","embeddable":true,"href":"https:\/\/www.kfz-biermair.at\/index.php?rest_route=%2Fwp%2Fv2%2Fproduct_cat&post=23051"},{"taxonomy":"product_tag","embeddable":true,"href":"https:\/\/www.kfz-biermair.at\/index.php?rest_route=%2Fwp%2Fv2%2Fproduct_tag&post=23051"}],"curies":[{"name":"wp","href":"https:\/\/api.w.org\/{rel}","templated":true}]}}