












{"id":23534,"date":"2024-12-19T15:11:57","date_gmt":"2024-12-19T14:11:57","guid":{"rendered":"https:\/\/www.kfz-biermair.at\/?post_type=product&#038;p=23534"},"modified":"2024-12-19T15:11:57","modified_gmt":"2024-12-19T14:11:57","slug":"tankfangbaender-vw-golf-iii-vento","status":"publish","type":"product","link":"https:\/\/www.kfz-biermair.at\/?product=tankfangbaender-vw-golf-iii-vento","title":{"rendered":"Tankfangb\u00e4nder &#8211; VW Golf III, Vento"},"content":{"rendered":"","protected":false},"excerpt":{"rendered":"<p>Tankfangb\u00e4nder f\u00fcr VW Golf III, Vento<br \/>\nPreisangabe je St\u00fcck<br \/>\nGebrauchtteil<\/p>\n","protected":false},"featured_media":23535,"template":"","meta":[],"product_brand":[],"product_cat":[41,23],"product_tag":[],"class_list":{"0":"post-23534","1":"product","2":"type-product","3":"status-publish","4":"has-post-thumbnail","6":"product_cat-golf-iii","7":"product_cat-vento","9":"first","10":"instock","11":"taxable","12":"shipping-taxable","13":"purchasable","14":"product-type-simple"},"_links":{"self":[{"href":"https:\/\/www.kfz-biermair.at\/index.php?rest_route=\/wp\/v2\/product\/23534","targetHints":{"allow":["GET"]}}],"collection":[{"href":"https:\/\/www.kfz-biermair.at\/index.php?rest_route=\/wp\/v2\/product"}],"about":[{"href":"https:\/\/www.kfz-biermair.at\/index.php?rest_route=\/wp\/v2\/types\/product"}],"wp:featuredmedia":[{"embeddable":true,"href":"https:\/\/www.kfz-biermair.at\/index.php?rest_route=\/wp\/v2\/media\/23535"}],"wp:attachment":[{"href":"https:\/\/www.kfz-biermair.at\/index.php?rest_route=%2Fwp%2Fv2%2Fmedia&parent=23534"}],"wp:term":[{"taxonomy":"product_brand","embeddable":true,"href":"https:\/\/www.kfz-biermair.at\/index.php?rest_route=%2Fwp%2Fv2%2Fproduct_brand&post=23534"},{"taxonomy":"product_cat","embeddable":true,"href":"https:\/\/www.kfz-biermair.at\/index.php?rest_route=%2Fwp%2Fv2%2Fproduct_cat&post=23534"},{"taxonomy":"product_tag","embeddable":true,"href":"https:\/\/www.kfz-biermair.at\/index.php?rest_route=%2Fwp%2Fv2%2Fproduct_tag&post=23534"}],"curies":[{"name":"wp","href":"https:\/\/api.w.org\/{rel}","templated":true}]}}