












{"id":23607,"date":"2025-01-16T13:26:06","date_gmt":"2025-01-16T12:26:06","guid":{"rendered":"https:\/\/www.kfz-biermair.at\/?post_type=product&#038;p=23607"},"modified":"2025-01-16T13:26:06","modified_gmt":"2025-01-16T12:26:06","slug":"servooel-ausgleichsbehaelter-ford-galaxy-seat-alhambra-vw-sharan","status":"publish","type":"product","link":"https:\/\/www.kfz-biermair.at\/?product=servooel-ausgleichsbehaelter-ford-galaxy-seat-alhambra-vw-sharan","title":{"rendered":"Servo\u00f6l-Ausgleichsbeh\u00e4lter &#8211; Ford Galaxy, Seat Alhambra, VW Sharan"},"content":{"rendered":"","protected":false},"excerpt":{"rendered":"<p>Servo\u00f6l-Ausgleichsbeh\u00e4lter f\u00fcr Ford-Galaxy, Seat Alhambra, VW Sharan<br \/>\nmit oder ohne Schl\u00e4uche<br \/>\nPreisangabe ohne Schl\u00e4uche<br \/>\n7M3 422 372<br \/>\nYM 213E 773 AA<br \/>\nGebrauchtteil<\/p>\n","protected":false},"featured_media":23608,"template":"","meta":[],"product_brand":[],"product_cat":[68,122,26],"product_tag":[],"class_list":{"0":"post-23607","1":"product","2":"type-product","3":"status-publish","4":"has-post-thumbnail","6":"product_cat-alhambra","7":"product_cat-galaxy","8":"product_cat-sharan","10":"first","11":"instock","12":"taxable","13":"shipping-taxable","14":"purchasable","15":"product-type-simple"},"_links":{"self":[{"href":"https:\/\/www.kfz-biermair.at\/index.php?rest_route=\/wp\/v2\/product\/23607","targetHints":{"allow":["GET"]}}],"collection":[{"href":"https:\/\/www.kfz-biermair.at\/index.php?rest_route=\/wp\/v2\/product"}],"about":[{"href":"https:\/\/www.kfz-biermair.at\/index.php?rest_route=\/wp\/v2\/types\/product"}],"wp:featuredmedia":[{"embeddable":true,"href":"https:\/\/www.kfz-biermair.at\/index.php?rest_route=\/wp\/v2\/media\/23608"}],"wp:attachment":[{"href":"https:\/\/www.kfz-biermair.at\/index.php?rest_route=%2Fwp%2Fv2%2Fmedia&parent=23607"}],"wp:term":[{"taxonomy":"product_brand","embeddable":true,"href":"https:\/\/www.kfz-biermair.at\/index.php?rest_route=%2Fwp%2Fv2%2Fproduct_brand&post=23607"},{"taxonomy":"product_cat","embeddable":true,"href":"https:\/\/www.kfz-biermair.at\/index.php?rest_route=%2Fwp%2Fv2%2Fproduct_cat&post=23607"},{"taxonomy":"product_tag","embeddable":true,"href":"https:\/\/www.kfz-biermair.at\/index.php?rest_route=%2Fwp%2Fv2%2Fproduct_tag&post=23607"}],"curies":[{"name":"wp","href":"https:\/\/api.w.org\/{rel}","templated":true}]}}