












{"id":24904,"date":"2025-05-15T09:36:26","date_gmt":"2025-05-15T07:36:26","guid":{"rendered":"https:\/\/www.kfz-biermair.at\/?post_type=product&#038;p=24904"},"modified":"2025-05-15T09:36:32","modified_gmt":"2025-05-15T07:36:32","slug":"stossstangenhalter-fuehrung-audi-80-b4","status":"publish","type":"product","link":"https:\/\/www.kfz-biermair.at\/?product=stossstangenhalter-fuehrung-audi-80-b4","title":{"rendered":"Sto\u00dfstangenhalter\/F\u00fchrung &#8211; Audi 80 B4"},"content":{"rendered":"","protected":false},"excerpt":{"rendered":"<p>Sto\u00dfstangenhalter f\u00fcr Audi 80 B4<br \/>\n4A0 807 283<br \/>\nGebrauchtteil<\/p>\n","protected":false},"featured_media":24905,"template":"","meta":[],"product_brand":[],"product_cat":[148],"product_tag":[],"class_list":{"0":"post-24904","1":"product","2":"type-product","3":"status-publish","4":"has-post-thumbnail","6":"product_cat-80-b4","8":"first","9":"instock","10":"taxable","11":"shipping-taxable","12":"purchasable","13":"product-type-simple"},"_links":{"self":[{"href":"https:\/\/www.kfz-biermair.at\/index.php?rest_route=\/wp\/v2\/product\/24904","targetHints":{"allow":["GET"]}}],"collection":[{"href":"https:\/\/www.kfz-biermair.at\/index.php?rest_route=\/wp\/v2\/product"}],"about":[{"href":"https:\/\/www.kfz-biermair.at\/index.php?rest_route=\/wp\/v2\/types\/product"}],"wp:featuredmedia":[{"embeddable":true,"href":"https:\/\/www.kfz-biermair.at\/index.php?rest_route=\/wp\/v2\/media\/24905"}],"wp:attachment":[{"href":"https:\/\/www.kfz-biermair.at\/index.php?rest_route=%2Fwp%2Fv2%2Fmedia&parent=24904"}],"wp:term":[{"taxonomy":"product_brand","embeddable":true,"href":"https:\/\/www.kfz-biermair.at\/index.php?rest_route=%2Fwp%2Fv2%2Fproduct_brand&post=24904"},{"taxonomy":"product_cat","embeddable":true,"href":"https:\/\/www.kfz-biermair.at\/index.php?rest_route=%2Fwp%2Fv2%2Fproduct_cat&post=24904"},{"taxonomy":"product_tag","embeddable":true,"href":"https:\/\/www.kfz-biermair.at\/index.php?rest_route=%2Fwp%2Fv2%2Fproduct_tag&post=24904"}],"curies":[{"name":"wp","href":"https:\/\/api.w.org\/{rel}","templated":true}]}}