












{"id":25022,"date":"2025-06-05T08:07:14","date_gmt":"2025-06-05T06:07:14","guid":{"rendered":"https:\/\/www.kfz-biermair.at\/?post_type=product&#038;p=25022"},"modified":"2025-06-05T08:07:14","modified_gmt":"2025-06-05T06:07:14","slug":"bremskloetze-peugeot-604-505","status":"publish","type":"product","link":"https:\/\/www.kfz-biermair.at\/?product=bremskloetze-peugeot-604-505","title":{"rendered":"Bremskl\u00f6tze &#8211; Peugeot 604, 505"},"content":{"rendered":"","protected":false},"excerpt":{"rendered":"<p>Bremskl\u00f6tze f\u00fcr Peugeot 604, 505<br \/>\n20634<br \/>\n20632<br \/>\n329 295<br \/>\nGebrauchtteil<\/p>\n","protected":false},"featured_media":25023,"template":"","meta":[],"product_brand":[],"product_cat":[82],"product_tag":[],"class_list":{"0":"post-25022","1":"product","2":"type-product","3":"status-publish","4":"has-post-thumbnail","6":"product_cat-sonstige-peugeot","8":"first","9":"instock","10":"taxable","11":"shipping-taxable","12":"purchasable","13":"product-type-simple"},"_links":{"self":[{"href":"https:\/\/www.kfz-biermair.at\/index.php?rest_route=\/wp\/v2\/product\/25022","targetHints":{"allow":["GET"]}}],"collection":[{"href":"https:\/\/www.kfz-biermair.at\/index.php?rest_route=\/wp\/v2\/product"}],"about":[{"href":"https:\/\/www.kfz-biermair.at\/index.php?rest_route=\/wp\/v2\/types\/product"}],"wp:featuredmedia":[{"embeddable":true,"href":"https:\/\/www.kfz-biermair.at\/index.php?rest_route=\/wp\/v2\/media\/25023"}],"wp:attachment":[{"href":"https:\/\/www.kfz-biermair.at\/index.php?rest_route=%2Fwp%2Fv2%2Fmedia&parent=25022"}],"wp:term":[{"taxonomy":"product_brand","embeddable":true,"href":"https:\/\/www.kfz-biermair.at\/index.php?rest_route=%2Fwp%2Fv2%2Fproduct_brand&post=25022"},{"taxonomy":"product_cat","embeddable":true,"href":"https:\/\/www.kfz-biermair.at\/index.php?rest_route=%2Fwp%2Fv2%2Fproduct_cat&post=25022"},{"taxonomy":"product_tag","embeddable":true,"href":"https:\/\/www.kfz-biermair.at\/index.php?rest_route=%2Fwp%2Fv2%2Fproduct_tag&post=25022"}],"curies":[{"name":"wp","href":"https:\/\/api.w.org\/{rel}","templated":true}]}}