












{"id":25156,"date":"2025-06-05T11:20:49","date_gmt":"2025-06-05T09:20:49","guid":{"rendered":"https:\/\/www.kfz-biermair.at\/?post_type=product&#038;p=25156"},"modified":"2025-06-05T11:20:50","modified_gmt":"2025-06-05T09:20:50","slug":"zuendverteilerkappe-fiat-127-panda","status":"publish","type":"product","link":"https:\/\/www.kfz-biermair.at\/?product=zuendverteilerkappe-fiat-127-panda","title":{"rendered":"Z\u00fcndverteilerkappe &#8211; Fiat 127, Panda"},"content":{"rendered":"","protected":false},"excerpt":{"rendered":"<p>Z\u00fcndverteilerkappe f\u00fcr Fiat 127\/ Panda<br \/>\n6602<br \/>\nGebrauchtteil<\/p>\n","protected":false},"featured_media":25157,"template":"","meta":[],"product_brand":[],"product_cat":[131],"product_tag":[],"class_list":{"0":"post-25156","1":"product","2":"type-product","3":"status-publish","4":"has-post-thumbnail","6":"product_cat-sonstige-fiat","8":"first","9":"instock","10":"taxable","11":"shipping-taxable","12":"purchasable","13":"product-type-simple"},"_links":{"self":[{"href":"https:\/\/www.kfz-biermair.at\/index.php?rest_route=\/wp\/v2\/product\/25156","targetHints":{"allow":["GET"]}}],"collection":[{"href":"https:\/\/www.kfz-biermair.at\/index.php?rest_route=\/wp\/v2\/product"}],"about":[{"href":"https:\/\/www.kfz-biermair.at\/index.php?rest_route=\/wp\/v2\/types\/product"}],"wp:featuredmedia":[{"embeddable":true,"href":"https:\/\/www.kfz-biermair.at\/index.php?rest_route=\/wp\/v2\/media\/25157"}],"wp:attachment":[{"href":"https:\/\/www.kfz-biermair.at\/index.php?rest_route=%2Fwp%2Fv2%2Fmedia&parent=25156"}],"wp:term":[{"taxonomy":"product_brand","embeddable":true,"href":"https:\/\/www.kfz-biermair.at\/index.php?rest_route=%2Fwp%2Fv2%2Fproduct_brand&post=25156"},{"taxonomy":"product_cat","embeddable":true,"href":"https:\/\/www.kfz-biermair.at\/index.php?rest_route=%2Fwp%2Fv2%2Fproduct_cat&post=25156"},{"taxonomy":"product_tag","embeddable":true,"href":"https:\/\/www.kfz-biermair.at\/index.php?rest_route=%2Fwp%2Fv2%2Fproduct_tag&post=25156"}],"curies":[{"name":"wp","href":"https:\/\/api.w.org\/{rel}","templated":true}]}}