












{"id":25255,"date":"2025-07-03T09:43:00","date_gmt":"2025-07-03T07:43:00","guid":{"rendered":"https:\/\/www.kfz-biermair.at\/?post_type=product&#038;p=25255"},"modified":"2025-07-03T09:43:00","modified_gmt":"2025-07-03T07:43:00","slug":"display-fuer-uhr-peugeot-206-2","status":"publish","type":"product","link":"https:\/\/www.kfz-biermair.at\/?product=display-fuer-uhr-peugeot-206-2","title":{"rendered":"Display f\u00fcr Uhr &#8211; Peugeot 206"},"content":{"rendered":"","protected":false},"excerpt":{"rendered":"<p>Display f\u00fcr Uhr f\u00fcr Peugeot 206<br \/>\n965 280 9977<br \/>\nGebrauchtteil<\/p>\n","protected":false},"featured_media":25256,"template":"","meta":[],"product_brand":[],"product_cat":[80],"product_tag":[],"class_list":{"0":"post-25255","1":"product","2":"type-product","3":"status-publish","4":"has-post-thumbnail","6":"product_cat-80","8":"first","9":"instock","10":"taxable","11":"shipping-taxable","12":"purchasable","13":"product-type-simple"},"_links":{"self":[{"href":"https:\/\/www.kfz-biermair.at\/index.php?rest_route=\/wp\/v2\/product\/25255","targetHints":{"allow":["GET"]}}],"collection":[{"href":"https:\/\/www.kfz-biermair.at\/index.php?rest_route=\/wp\/v2\/product"}],"about":[{"href":"https:\/\/www.kfz-biermair.at\/index.php?rest_route=\/wp\/v2\/types\/product"}],"wp:featuredmedia":[{"embeddable":true,"href":"https:\/\/www.kfz-biermair.at\/index.php?rest_route=\/wp\/v2\/media\/25256"}],"wp:attachment":[{"href":"https:\/\/www.kfz-biermair.at\/index.php?rest_route=%2Fwp%2Fv2%2Fmedia&parent=25255"}],"wp:term":[{"taxonomy":"product_brand","embeddable":true,"href":"https:\/\/www.kfz-biermair.at\/index.php?rest_route=%2Fwp%2Fv2%2Fproduct_brand&post=25255"},{"taxonomy":"product_cat","embeddable":true,"href":"https:\/\/www.kfz-biermair.at\/index.php?rest_route=%2Fwp%2Fv2%2Fproduct_cat&post=25255"},{"taxonomy":"product_tag","embeddable":true,"href":"https:\/\/www.kfz-biermair.at\/index.php?rest_route=%2Fwp%2Fv2%2Fproduct_tag&post=25255"}],"curies":[{"name":"wp","href":"https:\/\/api.w.org\/{rel}","templated":true}]}}