












{"id":25417,"date":"2025-07-24T11:39:17","date_gmt":"2025-07-24T09:39:17","guid":{"rendered":"https:\/\/www.kfz-biermair.at\/?post_type=product&#038;p=25417"},"modified":"2025-07-24T11:39:18","modified_gmt":"2025-07-24T09:39:18","slug":"ruecklicht-re-opel-corsa-b","status":"publish","type":"product","link":"https:\/\/www.kfz-biermair.at\/?product=ruecklicht-re-opel-corsa-b","title":{"rendered":"R\u00fccklicht re. &#8211; Opel Corsa B"},"content":{"rendered":"","protected":false},"excerpt":{"rendered":"<p>R\u00fccklicht re. f\u00fcr Opel Corsa B<br \/>\n45022<br \/>\nGebrauchtteil<\/p>\n","protected":false},"featured_media":25418,"template":"","meta":[],"product_brand":[],"product_cat":[87],"product_tag":[],"class_list":{"0":"post-25417","1":"product","2":"type-product","3":"status-publish","4":"has-post-thumbnail","6":"product_cat-corsa","8":"first","9":"instock","10":"taxable","11":"shipping-taxable","12":"purchasable","13":"product-type-simple"},"_links":{"self":[{"href":"https:\/\/www.kfz-biermair.at\/index.php?rest_route=\/wp\/v2\/product\/25417","targetHints":{"allow":["GET"]}}],"collection":[{"href":"https:\/\/www.kfz-biermair.at\/index.php?rest_route=\/wp\/v2\/product"}],"about":[{"href":"https:\/\/www.kfz-biermair.at\/index.php?rest_route=\/wp\/v2\/types\/product"}],"wp:featuredmedia":[{"embeddable":true,"href":"https:\/\/www.kfz-biermair.at\/index.php?rest_route=\/wp\/v2\/media\/25418"}],"wp:attachment":[{"href":"https:\/\/www.kfz-biermair.at\/index.php?rest_route=%2Fwp%2Fv2%2Fmedia&parent=25417"}],"wp:term":[{"taxonomy":"product_brand","embeddable":true,"href":"https:\/\/www.kfz-biermair.at\/index.php?rest_route=%2Fwp%2Fv2%2Fproduct_brand&post=25417"},{"taxonomy":"product_cat","embeddable":true,"href":"https:\/\/www.kfz-biermair.at\/index.php?rest_route=%2Fwp%2Fv2%2Fproduct_cat&post=25417"},{"taxonomy":"product_tag","embeddable":true,"href":"https:\/\/www.kfz-biermair.at\/index.php?rest_route=%2Fwp%2Fv2%2Fproduct_tag&post=25417"}],"curies":[{"name":"wp","href":"https:\/\/api.w.org\/{rel}","templated":true}]}}