












{"id":25426,"date":"2025-07-24T11:48:51","date_gmt":"2025-07-24T09:48:51","guid":{"rendered":"https:\/\/www.kfz-biermair.at\/?post_type=product&#038;p=25426"},"modified":"2025-07-24T11:48:52","modified_gmt":"2025-07-24T09:48:52","slug":"lampentraeger-fuer-ruecklicht-li-opel-kadett-e","status":"publish","type":"product","link":"https:\/\/www.kfz-biermair.at\/?product=lampentraeger-fuer-ruecklicht-li-opel-kadett-e","title":{"rendered":"Lampentr\u00e4ger f\u00fcr R\u00fccklicht li &#8211; Opel Kadett E"},"content":{"rendered":"","protected":false},"excerpt":{"rendered":"<p>Lampentr\u00e4ger f\u00fcr R\u00fccklicht li f\u00fcr Opel Kadett E<br \/>\n395 453<br \/>\nGebrauchtteil<\/p>\n","protected":false},"featured_media":25427,"template":"","meta":[],"product_brand":[],"product_cat":[191],"product_tag":[],"class_list":{"0":"post-25426","1":"product","2":"type-product","3":"status-publish","4":"has-post-thumbnail","6":"product_cat-kadett","8":"first","9":"instock","10":"taxable","11":"shipping-taxable","12":"purchasable","13":"product-type-simple"},"_links":{"self":[{"href":"https:\/\/www.kfz-biermair.at\/index.php?rest_route=\/wp\/v2\/product\/25426","targetHints":{"allow":["GET"]}}],"collection":[{"href":"https:\/\/www.kfz-biermair.at\/index.php?rest_route=\/wp\/v2\/product"}],"about":[{"href":"https:\/\/www.kfz-biermair.at\/index.php?rest_route=\/wp\/v2\/types\/product"}],"wp:featuredmedia":[{"embeddable":true,"href":"https:\/\/www.kfz-biermair.at\/index.php?rest_route=\/wp\/v2\/media\/25427"}],"wp:attachment":[{"href":"https:\/\/www.kfz-biermair.at\/index.php?rest_route=%2Fwp%2Fv2%2Fmedia&parent=25426"}],"wp:term":[{"taxonomy":"product_brand","embeddable":true,"href":"https:\/\/www.kfz-biermair.at\/index.php?rest_route=%2Fwp%2Fv2%2Fproduct_brand&post=25426"},{"taxonomy":"product_cat","embeddable":true,"href":"https:\/\/www.kfz-biermair.at\/index.php?rest_route=%2Fwp%2Fv2%2Fproduct_cat&post=25426"},{"taxonomy":"product_tag","embeddable":true,"href":"https:\/\/www.kfz-biermair.at\/index.php?rest_route=%2Fwp%2Fv2%2Fproduct_tag&post=25426"}],"curies":[{"name":"wp","href":"https:\/\/api.w.org\/{rel}","templated":true}]}}