












{"id":25518,"date":"2025-07-31T09:29:37","date_gmt":"2025-07-31T07:29:37","guid":{"rendered":"https:\/\/www.kfz-biermair.at\/?post_type=product&#038;p=25518"},"modified":"2025-07-31T09:29:37","modified_gmt":"2025-07-31T07:29:37","slug":"ruecklicht-li-opel-ascona-c","status":"publish","type":"product","link":"https:\/\/www.kfz-biermair.at\/?product=ruecklicht-li-opel-ascona-c","title":{"rendered":"R\u00fccklicht li. &#8211; Opel Ascona-C"},"content":{"rendered":"","protected":false},"excerpt":{"rendered":"<p>R\u00fccklicht li. f\u00fcr Opel Ascona-C<br \/>\n395-773<br \/>\nGebrauchtteil<\/p>\n","protected":false},"featured_media":25519,"template":"","meta":[],"product_brand":[],"product_cat":[88],"product_tag":[],"class_list":{"0":"post-25518","1":"product","2":"type-product","3":"status-publish","4":"has-post-thumbnail","6":"product_cat-sonstige-opel","8":"first","9":"instock","10":"taxable","11":"shipping-taxable","12":"purchasable","13":"product-type-simple"},"_links":{"self":[{"href":"https:\/\/www.kfz-biermair.at\/index.php?rest_route=\/wp\/v2\/product\/25518","targetHints":{"allow":["GET"]}}],"collection":[{"href":"https:\/\/www.kfz-biermair.at\/index.php?rest_route=\/wp\/v2\/product"}],"about":[{"href":"https:\/\/www.kfz-biermair.at\/index.php?rest_route=\/wp\/v2\/types\/product"}],"wp:featuredmedia":[{"embeddable":true,"href":"https:\/\/www.kfz-biermair.at\/index.php?rest_route=\/wp\/v2\/media\/25519"}],"wp:attachment":[{"href":"https:\/\/www.kfz-biermair.at\/index.php?rest_route=%2Fwp%2Fv2%2Fmedia&parent=25518"}],"wp:term":[{"taxonomy":"product_brand","embeddable":true,"href":"https:\/\/www.kfz-biermair.at\/index.php?rest_route=%2Fwp%2Fv2%2Fproduct_brand&post=25518"},{"taxonomy":"product_cat","embeddable":true,"href":"https:\/\/www.kfz-biermair.at\/index.php?rest_route=%2Fwp%2Fv2%2Fproduct_cat&post=25518"},{"taxonomy":"product_tag","embeddable":true,"href":"https:\/\/www.kfz-biermair.at\/index.php?rest_route=%2Fwp%2Fv2%2Fproduct_tag&post=25518"}],"curies":[{"name":"wp","href":"https:\/\/api.w.org\/{rel}","templated":true}]}}