












{"id":25567,"date":"2025-07-31T11:04:56","date_gmt":"2025-07-31T09:04:56","guid":{"rendered":"https:\/\/www.kfz-biermair.at\/?post_type=product&#038;p=25567"},"modified":"2025-07-31T11:04:57","modified_gmt":"2025-07-31T09:04:57","slug":"ruecklicht-re-mazda-323p","status":"publish","type":"product","link":"https:\/\/www.kfz-biermair.at\/?product=ruecklicht-re-mazda-323p","title":{"rendered":"R\u00fccklicht re. &#8211; Mazda 323P"},"content":{"rendered":"","protected":false},"excerpt":{"rendered":"<p>R\u00fccklicht re. f\u00fcr Mazda 323P<br \/>\nStanley 043-2254<br \/>\nGebrauchtteil<\/p>\n","protected":false},"featured_media":25568,"template":"","meta":[],"product_brand":[],"product_cat":[104],"product_tag":[],"class_list":{"0":"post-25567","1":"product","2":"type-product","3":"status-publish","4":"has-post-thumbnail","6":"product_cat-sonstige-mazda","8":"first","9":"instock","10":"taxable","11":"shipping-taxable","12":"purchasable","13":"product-type-simple"},"_links":{"self":[{"href":"https:\/\/www.kfz-biermair.at\/index.php?rest_route=\/wp\/v2\/product\/25567","targetHints":{"allow":["GET"]}}],"collection":[{"href":"https:\/\/www.kfz-biermair.at\/index.php?rest_route=\/wp\/v2\/product"}],"about":[{"href":"https:\/\/www.kfz-biermair.at\/index.php?rest_route=\/wp\/v2\/types\/product"}],"wp:featuredmedia":[{"embeddable":true,"href":"https:\/\/www.kfz-biermair.at\/index.php?rest_route=\/wp\/v2\/media\/25568"}],"wp:attachment":[{"href":"https:\/\/www.kfz-biermair.at\/index.php?rest_route=%2Fwp%2Fv2%2Fmedia&parent=25567"}],"wp:term":[{"taxonomy":"product_brand","embeddable":true,"href":"https:\/\/www.kfz-biermair.at\/index.php?rest_route=%2Fwp%2Fv2%2Fproduct_brand&post=25567"},{"taxonomy":"product_cat","embeddable":true,"href":"https:\/\/www.kfz-biermair.at\/index.php?rest_route=%2Fwp%2Fv2%2Fproduct_cat&post=25567"},{"taxonomy":"product_tag","embeddable":true,"href":"https:\/\/www.kfz-biermair.at\/index.php?rest_route=%2Fwp%2Fv2%2Fproduct_tag&post=25567"}],"curies":[{"name":"wp","href":"https:\/\/api.w.org\/{rel}","templated":true}]}}