












{"id":25710,"date":"2025-08-21T10:24:13","date_gmt":"2025-08-21T08:24:13","guid":{"rendered":"https:\/\/www.kfz-biermair.at\/?post_type=product&#038;p=25710"},"modified":"2025-08-21T10:24:13","modified_gmt":"2025-08-21T08:24:13","slug":"kuehlergrill-vw-sportsvan","status":"publish","type":"product","link":"https:\/\/www.kfz-biermair.at\/?product=kuehlergrill-vw-sportsvan","title":{"rendered":"K\u00fchlergrill &#8211; VW Sportsvan"},"content":{"rendered":"","protected":false},"excerpt":{"rendered":"<p>K\u00fchlergrill f\u00fcr VW Sportsvan<br \/>\n510 853 653 E<br \/>\nGebrauchtteil<\/p>\n","protected":false},"featured_media":25711,"template":"","meta":[],"product_brand":[],"product_cat":[163],"product_tag":[],"class_list":{"0":"post-25710","1":"product","2":"type-product","3":"status-publish","4":"has-post-thumbnail","6":"product_cat-sonstige-vw","8":"first","9":"instock","10":"taxable","11":"shipping-taxable","12":"purchasable","13":"product-type-simple"},"_links":{"self":[{"href":"https:\/\/www.kfz-biermair.at\/index.php?rest_route=\/wp\/v2\/product\/25710","targetHints":{"allow":["GET"]}}],"collection":[{"href":"https:\/\/www.kfz-biermair.at\/index.php?rest_route=\/wp\/v2\/product"}],"about":[{"href":"https:\/\/www.kfz-biermair.at\/index.php?rest_route=\/wp\/v2\/types\/product"}],"wp:featuredmedia":[{"embeddable":true,"href":"https:\/\/www.kfz-biermair.at\/index.php?rest_route=\/wp\/v2\/media\/25711"}],"wp:attachment":[{"href":"https:\/\/www.kfz-biermair.at\/index.php?rest_route=%2Fwp%2Fv2%2Fmedia&parent=25710"}],"wp:term":[{"taxonomy":"product_brand","embeddable":true,"href":"https:\/\/www.kfz-biermair.at\/index.php?rest_route=%2Fwp%2Fv2%2Fproduct_brand&post=25710"},{"taxonomy":"product_cat","embeddable":true,"href":"https:\/\/www.kfz-biermair.at\/index.php?rest_route=%2Fwp%2Fv2%2Fproduct_cat&post=25710"},{"taxonomy":"product_tag","embeddable":true,"href":"https:\/\/www.kfz-biermair.at\/index.php?rest_route=%2Fwp%2Fv2%2Fproduct_tag&post=25710"}],"curies":[{"name":"wp","href":"https:\/\/api.w.org\/{rel}","templated":true}]}}